{"id":3,"date":"2022-10-07T19:40:54","date_gmt":"2022-10-07T17:40:54","guid":{"rendered":"https:\/\/www.connectus.sk\/?page_id=3"},"modified":"2025-09-09T12:20:38","modified_gmt":"2025-09-09T10:20:38","slug":"ochrana-sukromia","status":"publish","type":"page","link":"https:\/\/www.connectus.sk\/en\/ochrana-sukromia\/","title":{"rendered":"GDPR &#8211; Z\u00e1sady ochrany osobn\u00fdch \u00fadajov"},"content":{"rendered":"<div data-elementor-type=\"wp-page\" data-elementor-id=\"3\" class=\"elementor elementor-3\" data-elementor-post-type=\"page\">\n\t\t\t\t\t\t<section class=\"elementor-section elementor-top-section elementor-element elementor-element-437bca3f elementor-section-boxed elementor-section-height-default elementor-section-height-default\" data-id=\"437bca3f\" data-element_type=\"section\" data-e-type=\"section\">\n\t\t\t\t\t\t<div class=\"elementor-container elementor-column-gap-default\">\n\t\t\t\t\t<div class=\"elementor-column elementor-col-100 elementor-top-column elementor-element elementor-element-4c94d2dc\" data-id=\"4c94d2dc\" data-element_type=\"column\" data-e-type=\"column\">\n\t\t\t<div class=\"elementor-widget-wrap elementor-element-populated\">\n\t\t\t\t\t\t<div class=\"elementor-element elementor-element-f6581f3 elementor-widget elementor-widget-heading\" data-id=\"f6581f3\" data-element_type=\"widget\" data-e-type=\"widget\" data-widget_type=\"heading.default\">\n\t\t\t\t<div class=\"elementor-widget-container\">\n\t\t\t\t\t<h2 class=\"elementor-heading-title elementor-size-default\">GDPR \u2013 Z\u00e1sady ochrany osobn\u00fdch \u00fadajov<\/h2>\t\t\t\t<\/div>\n\t\t\t\t<\/div>\n\t\t\t\t<div class=\"elementor-element elementor-element-4db70a01 elementor-widget elementor-widget-text-editor\" data-id=\"4db70a01\" data-element_type=\"widget\" data-e-type=\"widget\" data-widget_type=\"text-editor.default\">\n\t\t\t\t<div class=\"elementor-widget-container\">\n\t\t\t\t\t\t\t\t\t<p><\/p>\n<p>Sme ob\u010dianske zdru\u017eenie Connectus, Sib\u00edrska 25, 908 51 Hol\u00ed\u010d, zap\u00edsan\u00e1 v registri ob\u010dianskych zdru\u017een\u00ed SR, I\u010cO 53835077. Prev\u00e1dzkujeme t\u00fato webov\u00fa str\u00e1nku https:\/\/www.connectus.sk.<\/p>\n<p><\/p>\n<p>Pri poskytovan\u00ed na\u0161ich slu\u017eieb&nbsp;a&nbsp;prev\u00e1dzkovan\u00ed na\u0161ich webov\u00fdch str\u00e1nok sprac\u00favame niektor\u00e9 osobn\u00e9 \u00fadaje.<\/p>\n<p><\/p>\n<p>Na\u0161e z\u00e1sady ochrany osobn\u00fdch \u00fadajov s\u00fa vytvoren\u00e9 v&nbsp;s\u00falade s&nbsp;aktu\u00e1lne \u00fa\u010dinn\u00fdm<strong>&nbsp;nariaden\u00edm GDPR a&nbsp;nov\u00fdm z\u00e1konom \u010d. 18\/2018 Z. z. o ochrane osobn\u00fdch \u00fadajov.<\/strong><\/p>\n<p><\/p>\n<h5 id=\"i-spracuvanie-osobnych-udajov\" class=\"wp-block-heading\">I. Sprac\u00favanie osobn\u00fdch \u00fadajov<\/h5>\n<p><\/p>\n<p><strong>A. Sprac\u00favanie osobn\u00fdch \u00fadajov v pr\u00edpade pou\u017eitia kontaktn\u00e9ho formul\u00e1ra<\/strong><\/p>\n<p><\/p>\n<p>Pokia\u013e dopytujete na\u0161e slu\u017eby, budeme pracova\u0165 s va\u0161imi kontaktn\u00fdmi \u00fadajmi, ktor\u00e9 n\u00e1m ozn\u00e1mite prostredn\u00edctvom kontaktn\u00e9ho formul\u00e1ra. S\u00fa to: meno, priezvisko, telef\u00f3nne \u010d\u00edslo a emailov\u00e1 adresa.&nbsp;<\/p>\n<p><\/p>\n<p>Z ak\u00e9ho d\u00f4vodu?<\/p>\n<p><\/p>\n<p>Kontaktujeme v\u00e1s prostredn\u00edctvom t\u00fdchto poskytnut\u00fdch osobn\u00fdch \u00fadajov s cie\u013eom dohodn\u00fa\u0165 term\u00edn stretnutia, zodpovedanie Va\u0161ich dotazov online alebo osobne pr\u00edpadne s cie\u013eom poskytn\u00fa\u0165 online stretnutie na va\u0161e vy\u017eiadanie tie\u017e cez kontaktn\u00fd formul\u00e1r.<\/p>\n<p><\/p>\n<p>Na z\u00e1klade ak\u00e9ho pr\u00e1vneho d\u00f4vodu?<\/p>\n<p><\/p>\n<p>Ide o sprac\u00favanie na z\u00e1klade \u010dl\u00e1nku 6 ods. 1 p\u00edsm. b) GDPR \u2013 rokovania o zmluve, resp. vykonanie opatren\u00ed pred uzavret\u00edm zmluvy na va\u0161u \u017eiados\u0165.<\/p>\n<p><\/p>\n<p>Ako dlho budeme osobn\u00e9 \u00fadaje sprac\u00fav\u00e1va\u0165?<\/p>\n<p><\/p>\n<p>Pokia\u013e nenadvia\u017eeme \u010fal\u0161iu spolupr\u00e1cu, va\u0161e d\u00e1ta budeme sprac\u00fav\u00e1va\u0165 najdlh\u0161ie&nbsp;<strong>1 rok<\/strong>&nbsp;<strong>od na\u0161ej poslednej komunik\u00e1cie.<\/strong><\/p>\n<p><\/p>\n<h5 id=\"ii-kto-sa-k-udajom-dostane\" class=\"wp-block-heading\">II. Kto sa k \u00fadajom dostane?<\/h5>\n<p><\/p>\n<p>Va\u0161e d\u00e1ta zostan\u00fa len u n\u00e1s, priamo z kontaktn\u00e9ho formul\u00e1ra id\u00fa do na\u0161ej mailovej schr\u00e1nky, my sa o nich star\u00e1me a vedieme ich evidenciu. Osobn\u00e9 \u00fadaje sprac\u00fav\u00e1vame iba na \u00fazem\u00ed Eur\u00f3pskej \u00fanie.<\/p>\n<p><\/p>\n<h5 id=\"iii-co-by-ste-dalej-mali-vediet\" class=\"wp-block-heading\">III. \u010co by ste \u010falej mali vedie\u0165<\/h5>\n<p><\/p>\n<p>V na\u0161ej spolo\u010dnosti nem\u00e1me&nbsp;menovan\u00e9ho poverenca pre ochranu osobn\u00fdch \u00fadajov. Osobn\u00e9 \u00fadaje nebud\u00fa pou\u017eit\u00e9 na automatizovan\u00e9 individu\u00e1lne rozhodovanie vr\u00e1tane profilovania. Pokia\u013e by ste mali k osobn\u00fdm \u00fadajom ot\u00e1zky, kontaktujte n\u00e1s na e-mailovej adrese info@connectus.sk.<\/p>\n<p><\/p>\n<h5 id=\"iv-pouzivanie-suborov-cookies\" class=\"wp-block-heading\">IV. Pou\u017e\u00edvanie s\u00faborov cookies<\/h5>\n<p><\/p>\n<p>Cookies s\u00fa textov\u00e9 s\u00fabory obsahuj\u00face mal\u00e9 mno\u017estvo inform\u00e1ci\u00ed, ktor\u00e9 sa pri n\u00e1v\u0161teve na\u0161ich webov\u00fdch str\u00e1nok s\u0165ahuj\u00fa do V\u00e1\u0161ho zariadenia. S\u00fabory cookies sa n\u00e1sledne pri ka\u017edej \u010fal\u0161ej n\u00e1v\u0161teve odosielaj\u00fa sp\u00e4\u0165 na webov\u00fa str\u00e1nku alebo in\u00fa webov\u00fa str\u00e1nku, ktor\u00e1 ich rozpozn\u00e1.<\/p>\n<p><\/p>\n<p>S\u00fabory cookies plnia r\u00f4zne \u00falohy, napr\u00edklad umo\u017e\u0148uj\u00fa efekt\u00edvnu navig\u00e1ciu medzi webov\u00fdmi str\u00e1nkami, zapam\u00e4tanie si Va\u0161ich preferenci\u00ed a celkovo zlep\u0161uj\u00fa sk\u00fasenos\u0165 pou\u017e\u00edvate\u013ea. Dok\u00e1\u017eu tie\u017e zaisti\u0165, aby reklamy zobrazovan\u00e9 on-line boli lep\u0161ie prisp\u00f4soben\u00e9 Va\u0161ej osobe a Va\u0161im z\u00e1ujmom.<\/p>\n<p><\/p>\n<p>Na webov\u00fdch str\u00e1nkach pou\u017e\u00edvame nasleduj\u00face cookies:<\/p>\n<p><\/p>\n<ul class=\"wp-block-list\"><p><\/p>\n<li><strong>Nevyhnutn\u00e9 cookies<\/strong>: s\u00fa potrebn\u00e9 na prev\u00e1dzku webov\u00fdch str\u00e1nok, umo\u017e\u0148uj\u00fa napr\u00edklad prihl\u00e1si\u0165 sa do zabezpe\u010den\u00fdch \u010dast\u00ed str\u00e1nok a \u010fal\u0161ie z\u00e1kladn\u00e9 funk\u010dnosti str\u00e1nok. T\u00e1to kateg\u00f3ria cookies sa ned\u00e1 zak\u00e1za\u0165.<\/li>\n<p><\/p><\/ul>\n<p><\/p>\n<p>Upozor\u0148ujeme, \u017ee tretie strany (vr\u00e1tane napr. poskytovate\u013eov extern\u00fdch slu\u017eieb) m\u00f4\u017eu taktie\u017e pou\u017e\u00edva\u0165 cookies a\/alebo pristupova\u0165 k \u00fadajom zhroma\u017e\u010fovan\u00fdm cookies na webov\u00fdch str\u00e1nkach.<\/p>\n<p><\/p>\n<h5 id=\"v-vase-prava-v-suvislosti-so-spracuvanim-osobnych-udajov\" class=\"wp-block-heading\">V. Va\u0161e pr\u00e1va v s\u00favislosti so sprac\u00favan\u00edm osobn\u00fdch \u00fadajov<\/h5>\n<p><\/p>\n<p>Nariadenie GDPR v\u00e1m d\u00e1va okrem in\u00e9ho pr\u00e1vo obr\u00e1ti\u0165 sa na n\u00e1s a chcie\u0165 inform\u00e1cie, ak\u00e9 va\u0161e osobn\u00e9 \u00fadaje sprac\u00fav\u00e1vame, vy\u017eiada\u0165 si u n\u00e1s pr\u00edstup k t\u00fdmto \u00fadajom a necha\u0165 ich aktualizova\u0165 alebo opravi\u0165, popr\u00edpade po\u017eadova\u0165 obmedzenie sprac\u00favania, m\u00f4\u017eete po\u017eadova\u0165 k\u00f3piu sprac\u00fav\u00e1van\u00fdch osobn\u00fdch \u00fadajov, po\u017eadova\u0165 po n\u00e1s v ur\u010dit\u00fdch situ\u00e1ci\u00e1ch v\u00fdmaz osobn\u00fdch \u00fadajov av ur\u010dit\u00fdch pr\u00edpadoch m\u00e1te pr\u00e1vo na ich prenosite\u013enos\u0165. Proti sprac\u00favaniu na z\u00e1klade opr\u00e1vnen\u00e9ho z\u00e1ujmu je mo\u017en\u00e9 vznies\u0165 n\u00e1mietku.<\/p>\n<p><\/p>\n<p>Ak sa domnievate, \u017ee Va\u0161e osobn\u00e9 \u00fadaje sprac\u00favane nespravodlivo alebo nez\u00e1konne, m\u00f4\u017eete poda\u0165 s\u0165a\u017enos\u0165 na dozorn\u00fd org\u00e1n, ktor\u00fdm je \u00darad na ochranu osobn\u00fdch \u00fadajov Slovenskej republiky, Hrani\u010dn\u00e1 12, 820 07 Bratislava 27; tel. \u010d\u00edslo: +421 \/2\/ 3231 3214; mail: statny.dozor@pdp.gov.sk, https:\/\/dataprotection.gov.sk. V pr\u00edpade podania n\u00e1vrhu elektronickou formou je potrebn\u00e9, aby sp\u013a\u0148al n\u00e1le\u017eitosti pod\u013ea \u00a7 19 ods. 1 z\u00e1kona \u010d. 71\/1967 Zb. o spr\u00e1vnom konan\u00ed (spr\u00e1vny poriadok).<\/p><p><br><\/p>\n<p><\/p>\n<p>Tieto z\u00e1sady s\u00fa \u00fa\u010dinn\u00e9 od 1. m\u00e1ja 2024<\/p>\n<p><\/p>\t\t\t\t\t\t\t\t<\/div>\n\t\t\t\t<\/div>\n\t\t\t\t\t<\/div>\n\t\t<\/div>\n\t\t\t\t\t<\/div>\n\t\t<\/section>\n\t\t\t\t<\/div>","protected":false},"excerpt":{"rendered":"<p>GDPR \u2013 Z\u00e1sady ochrany osobn\u00fdch \u00fadajov Sme ob\u010dianske zdru\u017eenie Connectus, Sib\u00edrska 25, 908 51 Hol\u00ed\u010d, zap\u00edsan\u00e1 v registri ob\u010dianskych zdru\u017een\u00ed SR, I\u010cO 53835077. Prev\u00e1dzkujeme t\u00fato webov\u00fa str\u00e1nku https:\/\/www.connectus.sk. Pri poskytovan\u00ed na\u0161ich slu\u017eieb&nbsp;a&nbsp;prev\u00e1dzkovan\u00ed na\u0161ich webov\u00fdch str\u00e1nok sprac\u00favame niektor\u00e9 osobn\u00e9 \u00fadaje. Na\u0161e z\u00e1sady ochrany osobn\u00fdch \u00fadajov s\u00fa vytvoren\u00e9 v&nbsp;s\u00falade s&nbsp;aktu\u00e1lne \u00fa\u010dinn\u00fdm&nbsp;nariaden\u00edm GDPR a&nbsp;nov\u00fdm z\u00e1konom \u010d. 18\/2018 Z. [&hellip;]<\/p>","protected":false},"author":1,"featured_media":0,"parent":0,"menu_order":0,"comment_status":"closed","ping_status":"open","template":"elementor_header_footer","meta":{"footnotes":""},"class_list":["post-3","page","type-page","status-publish","hentry"],"yoast_head":"<!-- This site is optimized with the Yoast SEO plugin v27.5 - https:\/\/yoast.com\/product\/yoast-seo-wordpress\/ -->\n<title>GDPR - Z\u00e1sady ochrany osobn\u00fdch \u00fadajov - Connectus Slovensko<\/title>\n<meta name=\"robots\" content=\"index, follow, max-snippet:-1, max-image-preview:large, max-video-preview:-1\" \/>\n<link rel=\"canonical\" href=\"https:\/\/www.connectus.sk\/en\/ochrana-sukromia\/\" \/>\n<meta property=\"og:locale\" content=\"en_GB\" \/>\n<meta property=\"og:type\" content=\"article\" \/>\n<meta property=\"og:title\" content=\"GDPR - Z\u00e1sady ochrany osobn\u00fdch \u00fadajov - Connectus Slovensko\" \/>\n<meta property=\"og:description\" content=\"GDPR \u2013 Z\u00e1sady ochrany osobn\u00fdch \u00fadajov Sme ob\u010dianske zdru\u017eenie Connectus, Sib\u00edrska 25, 908 51 Hol\u00ed\u010d, zap\u00edsan\u00e1 v registri ob\u010dianskych zdru\u017een\u00ed SR, I\u010cO 53835077. Prev\u00e1dzkujeme t\u00fato webov\u00fa str\u00e1nku https:\/\/www.connectus.sk. Pri poskytovan\u00ed na\u0161ich slu\u017eieb&nbsp;a&nbsp;prev\u00e1dzkovan\u00ed na\u0161ich webov\u00fdch str\u00e1nok sprac\u00favame niektor\u00e9 osobn\u00e9 \u00fadaje. Na\u0161e z\u00e1sady ochrany osobn\u00fdch \u00fadajov s\u00fa vytvoren\u00e9 v&nbsp;s\u00falade s&nbsp;aktu\u00e1lne \u00fa\u010dinn\u00fdm&nbsp;nariaden\u00edm GDPR a&nbsp;nov\u00fdm z\u00e1konom \u010d. 18\/2018 Z. [&hellip;]\" \/>\n<meta property=\"og:url\" content=\"https:\/\/www.connectus.sk\/en\/ochrana-sukromia\/\" \/>\n<meta property=\"og:site_name\" content=\"Connectus Slovensko\" \/>\n<meta property=\"article:modified_time\" content=\"2025-09-09T10:20:38+00:00\" \/>\n<meta name=\"twitter:card\" content=\"summary_large_image\" \/>\n<meta name=\"twitter:label1\" content=\"Estimated reading time\" \/>\n\t<meta name=\"twitter:data1\" content=\"4 minutes\" \/>\n<script type=\"application\/ld+json\" class=\"yoast-schema-graph\">{\"@context\":\"https:\\\/\\\/schema.org\",\"@graph\":[{\"@type\":\"WebPage\",\"@id\":\"https:\\\/\\\/www.connectus.sk\\\/ochrana-sukromia\\\/\",\"url\":\"https:\\\/\\\/www.connectus.sk\\\/ochrana-sukromia\\\/\",\"name\":\"GDPR - Z\u00e1sady ochrany osobn\u00fdch \u00fadajov - Connectus Slovensko\",\"isPartOf\":{\"@id\":\"https:\\\/\\\/www.connectus.sk\\\/#website\"},\"datePublished\":\"2022-10-07T17:40:54+00:00\",\"dateModified\":\"2025-09-09T10:20:38+00:00\",\"breadcrumb\":{\"@id\":\"https:\\\/\\\/www.connectus.sk\\\/ochrana-sukromia\\\/#breadcrumb\"},\"inLanguage\":\"en-GB\",\"potentialAction\":[{\"@type\":\"ReadAction\",\"target\":[\"https:\\\/\\\/www.connectus.sk\\\/ochrana-sukromia\\\/\"]}]},{\"@type\":\"BreadcrumbList\",\"@id\":\"https:\\\/\\\/www.connectus.sk\\\/ochrana-sukromia\\\/#breadcrumb\",\"itemListElement\":[{\"@type\":\"ListItem\",\"position\":1,\"name\":\"Home\",\"item\":\"https:\\\/\\\/www.connectus.sk\\\/\"},{\"@type\":\"ListItem\",\"position\":2,\"name\":\"GDPR &#8211; Z\u00e1sady ochrany osobn\u00fdch \u00fadajov\"}]},{\"@type\":\"WebSite\",\"@id\":\"https:\\\/\\\/www.connectus.sk\\\/#website\",\"url\":\"https:\\\/\\\/www.connectus.sk\\\/\",\"name\":\"Connectus Slovensko\",\"description\":\"Our aim is to connect\",\"publisher\":{\"@id\":\"https:\\\/\\\/www.connectus.sk\\\/#organization\"},\"potentialAction\":[{\"@type\":\"SearchAction\",\"target\":{\"@type\":\"EntryPoint\",\"urlTemplate\":\"https:\\\/\\\/www.connectus.sk\\\/?s={search_term_string}\"},\"query-input\":{\"@type\":\"PropertyValueSpecification\",\"valueRequired\":true,\"valueName\":\"search_term_string\"}}],\"inLanguage\":\"en-GB\"},{\"@type\":\"Organization\",\"@id\":\"https:\\\/\\\/www.connectus.sk\\\/#organization\",\"name\":\"Connectus Slovensko\",\"url\":\"https:\\\/\\\/www.connectus.sk\\\/\",\"logo\":{\"@type\":\"ImageObject\",\"inLanguage\":\"en-GB\",\"@id\":\"https:\\\/\\\/www.connectus.sk\\\/#\\\/schema\\\/logo\\\/image\\\/\",\"url\":\"https:\\\/\\\/www.connectus.sk\\\/wp-content\\\/uploads\\\/2022\\\/10\\\/cropped-connect_us_without_background.png\",\"contentUrl\":\"https:\\\/\\\/www.connectus.sk\\\/wp-content\\\/uploads\\\/2022\\\/10\\\/cropped-connect_us_without_background.png\",\"width\":4961,\"height\":3508,\"caption\":\"Connectus Slovensko\"},\"image\":{\"@id\":\"https:\\\/\\\/www.connectus.sk\\\/#\\\/schema\\\/logo\\\/image\\\/\"}}]}<\/script>\n<!-- \/ Yoast SEO plugin. -->","yoast_head_json":{"title":"GDPR - Z\u00e1sady ochrany osobn\u00fdch \u00fadajov - Connectus Slovensko","robots":{"index":"index","follow":"follow","max-snippet":"max-snippet:-1","max-image-preview":"max-image-preview:large","max-video-preview":"max-video-preview:-1"},"canonical":"https:\/\/www.connectus.sk\/en\/ochrana-sukromia\/","og_locale":"en_GB","og_type":"article","og_title":"GDPR - Z\u00e1sady ochrany osobn\u00fdch \u00fadajov - Connectus Slovensko","og_description":"GDPR \u2013 Z\u00e1sady ochrany osobn\u00fdch \u00fadajov Sme ob\u010dianske zdru\u017eenie Connectus, Sib\u00edrska 25, 908 51 Hol\u00ed\u010d, zap\u00edsan\u00e1 v registri ob\u010dianskych zdru\u017een\u00ed SR, I\u010cO 53835077. Prev\u00e1dzkujeme t\u00fato webov\u00fa str\u00e1nku https:\/\/www.connectus.sk. Pri poskytovan\u00ed na\u0161ich slu\u017eieb&nbsp;a&nbsp;prev\u00e1dzkovan\u00ed na\u0161ich webov\u00fdch str\u00e1nok sprac\u00favame niektor\u00e9 osobn\u00e9 \u00fadaje. Na\u0161e z\u00e1sady ochrany osobn\u00fdch \u00fadajov s\u00fa vytvoren\u00e9 v&nbsp;s\u00falade s&nbsp;aktu\u00e1lne \u00fa\u010dinn\u00fdm&nbsp;nariaden\u00edm GDPR a&nbsp;nov\u00fdm z\u00e1konom \u010d. 18\/2018 Z. [&hellip;]","og_url":"https:\/\/www.connectus.sk\/en\/ochrana-sukromia\/","og_site_name":"Connectus Slovensko","article_modified_time":"2025-09-09T10:20:38+00:00","twitter_card":"summary_large_image","twitter_misc":{"Estimated reading time":"4 minutes"},"schema":{"@context":"https:\/\/schema.org","@graph":[{"@type":"WebPage","@id":"https:\/\/www.connectus.sk\/ochrana-sukromia\/","url":"https:\/\/www.connectus.sk\/ochrana-sukromia\/","name":"GDPR - Z\u00e1sady ochrany osobn\u00fdch \u00fadajov - Connectus Slovensko","isPartOf":{"@id":"https:\/\/www.connectus.sk\/#website"},"datePublished":"2022-10-07T17:40:54+00:00","dateModified":"2025-09-09T10:20:38+00:00","breadcrumb":{"@id":"https:\/\/www.connectus.sk\/ochrana-sukromia\/#breadcrumb"},"inLanguage":"en-GB","potentialAction":[{"@type":"ReadAction","target":["https:\/\/www.connectus.sk\/ochrana-sukromia\/"]}]},{"@type":"BreadcrumbList","@id":"https:\/\/www.connectus.sk\/ochrana-sukromia\/#breadcrumb","itemListElement":[{"@type":"ListItem","position":1,"name":"Home","item":"https:\/\/www.connectus.sk\/"},{"@type":"ListItem","position":2,"name":"GDPR &#8211; Z\u00e1sady ochrany osobn\u00fdch \u00fadajov"}]},{"@type":"WebSite","@id":"https:\/\/www.connectus.sk\/#website","url":"https:\/\/www.connectus.sk\/","name":"Connectus Slovensko","description":"Our aim is to connect","publisher":{"@id":"https:\/\/www.connectus.sk\/#organization"},"potentialAction":[{"@type":"SearchAction","target":{"@type":"EntryPoint","urlTemplate":"https:\/\/www.connectus.sk\/?s={search_term_string}"},"query-input":{"@type":"PropertyValueSpecification","valueRequired":true,"valueName":"search_term_string"}}],"inLanguage":"en-GB"},{"@type":"Organization","@id":"https:\/\/www.connectus.sk\/#organization","name":"Connectus Slovensko","url":"https:\/\/www.connectus.sk\/","logo":{"@type":"ImageObject","inLanguage":"en-GB","@id":"https:\/\/www.connectus.sk\/#\/schema\/logo\/image\/","url":"https:\/\/www.connectus.sk\/wp-content\/uploads\/2022\/10\/cropped-connect_us_without_background.png","contentUrl":"https:\/\/www.connectus.sk\/wp-content\/uploads\/2022\/10\/cropped-connect_us_without_background.png","width":4961,"height":3508,"caption":"Connectus Slovensko"},"image":{"@id":"https:\/\/www.connectus.sk\/#\/schema\/logo\/image\/"}}]}},"_links":{"self":[{"href":"https:\/\/www.connectus.sk\/en\/wp-json\/wp\/v2\/pages\/3","targetHints":{"allow":["GET"]}}],"collection":[{"href":"https:\/\/www.connectus.sk\/en\/wp-json\/wp\/v2\/pages"}],"about":[{"href":"https:\/\/www.connectus.sk\/en\/wp-json\/wp\/v2\/types\/page"}],"author":[{"embeddable":true,"href":"https:\/\/www.connectus.sk\/en\/wp-json\/wp\/v2\/users\/1"}],"replies":[{"embeddable":true,"href":"https:\/\/www.connectus.sk\/en\/wp-json\/wp\/v2\/comments?post=3"}],"version-history":[{"count":6,"href":"https:\/\/www.connectus.sk\/en\/wp-json\/wp\/v2\/pages\/3\/revisions"}],"predecessor-version":[{"id":1970,"href":"https:\/\/www.connectus.sk\/en\/wp-json\/wp\/v2\/pages\/3\/revisions\/1970"}],"wp:attachment":[{"href":"https:\/\/www.connectus.sk\/en\/wp-json\/wp\/v2\/media?parent=3"}],"curies":[{"name":"wp","href":"https:\/\/api.w.org\/{rel}","templated":true}]}}