{"id":400,"date":"2023-03-17T09:05:45","date_gmt":"2023-03-17T08:05:45","guid":{"rendered":"https:\/\/www.connectus.sk\/?page_id=400"},"modified":"2025-12-19T15:19:32","modified_gmt":"2025-12-19T14:19:32","slug":"mladeznicke-vymeny","status":"publish","type":"page","link":"https:\/\/www.connectus.sk\/en\/programy\/mladeznicke-vymeny\/","title":{"rendered":"Youth exchanges"},"content":{"rendered":"<div data-elementor-type=\"wp-page\" data-elementor-id=\"400\" class=\"elementor elementor-400\" data-elementor-post-type=\"page\">\n\t\t\t\t\t\t<section class=\"elementor-section elementor-top-section elementor-element elementor-element-b46add0 elementor-section-height-min-height elementor-section-items-stretch elementor-section-boxed elementor-section-height-default\" data-id=\"b46add0\" data-element_type=\"section\" data-e-type=\"section\" data-settings=\"{&quot;background_background&quot;:&quot;classic&quot;,&quot;shape_divider_bottom&quot;:&quot;waves&quot;}\">\n\t\t\t\t\t<div class=\"elementor-shape elementor-shape-bottom\" aria-hidden=\"true\" data-negative=\"false\">\n\t\t\t<svg xmlns=\"http:\/\/www.w3.org\/2000\/svg\" viewbox=\"0 0 1000 100\" preserveaspectratio=\"none\">\n\t<path class=\"elementor-shape-fill\" d=\"M421.9,6.5c22.6-2.5,51.5,0.4,75.5,5.3c23.6,4.9,70.9,23.5,100.5,35.7c75.8,32.2,133.7,44.5,192.6,49.7\tc23.6,2.1,48.7,3.5,103.4-2.5c54.7-6,106.2-25.6,106.2-25.6V0H0v30.3c0,0,72,32.6,158.4,30.5c39.2-0.7,92.8-6.7,134-22.4\tc21.2-8.1,52.2-18.2,79.7-24.2C399.3,7.9,411.6,7.5,421.9,6.5z\"\/>\n<\/svg>\t\t<\/div>\n\t\t\t\t\t<div class=\"elementor-container elementor-column-gap-default\">\n\t\t\t\t\t<div class=\"elementor-column elementor-col-50 elementor-top-column elementor-element elementor-element-cba3e58\" data-id=\"cba3e58\" data-element_type=\"column\" data-e-type=\"column\">\n\t\t\t<div class=\"elementor-widget-wrap elementor-element-populated\">\n\t\t\t\t\t\t<div class=\"elementor-element elementor-element-a44701b elementor-widget elementor-widget-heading\" data-id=\"a44701b\" data-element_type=\"widget\" data-e-type=\"widget\" data-widget_type=\"heading.default\">\n\t\t\t\t<div class=\"elementor-widget-container\">\n\t\t\t\t\t<h4 class=\"elementor-heading-title elementor-size-default\">Connecting people, connecting yourself<\/h4>\t\t\t\t<\/div>\n\t\t\t\t<\/div>\n\t\t\t\t<div class=\"elementor-element elementor-element-1e4a16e elementor-widget elementor-widget-heading\" data-id=\"1e4a16e\" data-element_type=\"widget\" data-e-type=\"widget\" data-widget_type=\"heading.default\">\n\t\t\t\t<div class=\"elementor-widget-container\">\n\t\t\t\t\t<h1 class=\"elementor-heading-title elementor-size-default\">Youth exchanges<\/h1>\t\t\t\t<\/div>\n\t\t\t\t<\/div>\n\t\t\t\t<div class=\"elementor-element elementor-element-308d436 elementor-widget elementor-widget-image\" data-id=\"308d436\" data-element_type=\"widget\" data-e-type=\"widget\" data-widget_type=\"image.default\">\n\t\t\t\t<div class=\"elementor-widget-container\">\n\t\t\t\t\t\t\t\t\t\t\t\t\t\t\t<img fetchpriority=\"high\" decoding=\"async\" width=\"347\" height=\"145\" src=\"https:\/\/www.connectus.sk\/wp-content\/uploads\/2024\/04\/images.jpg\" class=\"attachment-full size-full wp-image-806\" alt=\"\" srcset=\"https:\/\/www.connectus.sk\/wp-content\/uploads\/2024\/04\/images.jpg 347w, https:\/\/www.connectus.sk\/wp-content\/uploads\/2024\/04\/images-300x125.jpg 300w\" sizes=\"(max-width: 347px) 100vw, 347px\" \/>\t\t\t\t\t\t\t\t\t\t\t\t\t\t\t<\/div>\n\t\t\t\t<\/div>\n\t\t\t\t\t<\/div>\n\t\t<\/div>\n\t\t\t\t<div class=\"elementor-column elementor-col-50 elementor-top-column elementor-element elementor-element-3377ed1\" data-id=\"3377ed1\" data-element_type=\"column\" data-e-type=\"column\">\n\t\t\t<div class=\"elementor-widget-wrap elementor-element-populated\">\n\t\t\t\t\t\t<div class=\"elementor-element elementor-element-1ee1891 elementor-widget elementor-widget-image\" data-id=\"1ee1891\" data-element_type=\"widget\" data-e-type=\"widget\" data-settings=\"{&quot;motion_fx_motion_fx_scrolling&quot;:&quot;yes&quot;,&quot;motion_fx_translateY_effect&quot;:&quot;yes&quot;,&quot;motion_fx_translateY_direction&quot;:&quot;negative&quot;,&quot;motion_fx_translateY_speed&quot;:{&quot;unit&quot;:&quot;px&quot;,&quot;size&quot;:&quot;0.5&quot;,&quot;sizes&quot;:[]},&quot;motion_fx_translateY_affectedRange&quot;:{&quot;unit&quot;:&quot;%&quot;,&quot;size&quot;:&quot;&quot;,&quot;sizes&quot;:{&quot;start&quot;:0,&quot;end&quot;:100}},&quot;motion_fx_devices&quot;:[&quot;desktop&quot;,&quot;tablet&quot;,&quot;mobile&quot;]}\" data-widget_type=\"image.default\">\n\t\t\t\t<div class=\"elementor-widget-container\">\n\t\t\t\t\t\t\t\t\t\t\t\t\t\t\t<img decoding=\"async\" width=\"750\" height=\"554\" src=\"https:\/\/www.connectus.sk\/wp-content\/uploads\/2024\/04\/Kopcany-jul2023-3.jpg\" class=\"attachment-full size-full wp-image-722\" alt=\"\" srcset=\"https:\/\/www.connectus.sk\/wp-content\/uploads\/2024\/04\/Kopcany-jul2023-3.jpg 750w, https:\/\/www.connectus.sk\/wp-content\/uploads\/2024\/04\/Kopcany-jul2023-3-300x222.jpg 300w\" sizes=\"(max-width: 750px) 100vw, 750px\" \/>\t\t\t\t\t\t\t\t\t\t\t\t\t\t\t<\/div>\n\t\t\t\t<\/div>\n\t\t\t\t\t<\/div>\n\t\t<\/div>\n\t\t\t\t\t<\/div>\n\t\t<\/section>\n\t\t\t\t<section class=\"elementor-section elementor-top-section elementor-element elementor-element-effef57 elementor-section-boxed elementor-section-height-default elementor-section-height-default\" data-id=\"effef57\" data-element_type=\"section\" data-e-type=\"section\">\n\t\t\t\t\t\t<div class=\"elementor-container elementor-column-gap-default\">\n\t\t\t\t\t<div class=\"elementor-column elementor-col-100 elementor-top-column elementor-element elementor-element-5bb82a7\" data-id=\"5bb82a7\" data-element_type=\"column\" data-e-type=\"column\">\n\t\t\t<div class=\"elementor-widget-wrap elementor-element-populated\">\n\t\t\t\t\t\t<div class=\"elementor-element elementor-element-ca4d8cf elementor-widget-divider--separator-type-pattern elementor-widget-divider--no-spacing elementor-widget-divider--view-line elementor-widget elementor-widget-divider\" data-id=\"ca4d8cf\" data-element_type=\"widget\" data-e-type=\"widget\" data-settings=\"{&quot;motion_fx_motion_fx_scrolling&quot;:&quot;yes&quot;,&quot;motion_fx_translateX_effect&quot;:&quot;yes&quot;,&quot;motion_fx_translateX_direction&quot;:&quot;negative&quot;,&quot;motion_fx_translateX_speed&quot;:{&quot;unit&quot;:&quot;px&quot;,&quot;size&quot;:&quot;0.3&quot;,&quot;sizes&quot;:[]},&quot;motion_fx_translateX_affectedRange&quot;:{&quot;unit&quot;:&quot;%&quot;,&quot;size&quot;:&quot;&quot;,&quot;sizes&quot;:{&quot;start&quot;:0,&quot;end&quot;:100}},&quot;motion_fx_devices&quot;:[&quot;desktop&quot;,&quot;tablet&quot;,&quot;mobile&quot;]}\" data-widget_type=\"divider.default\">\n\t\t\t\t<div class=\"elementor-widget-container\">\n\t\t\t\t\t\t\t<div class=\"elementor-divider\" style=\"--divider-pattern-url: url(&quot;data:image\/svg+xml,%3Csvg xmlns=&#039;http:\/\/www.w3.org\/2000\/svg&#039; preserveAspectRatio=&#039;xMidYMid meet&#039; overflow=&#039;visible&#039; height=&#039;100%&#039; viewBox=&#039;0 0 126 26&#039; fill=&#039;black&#039; stroke=&#039;none&#039;%3E%3Cpath d=&#039;M3,10.2c2.6,0,2.6,2,2.6,3.2S4.4,16.5,3,16.5s-3-1.4-3-3.2S0.4,10.2,3,10.2z M18.8,10.2c1.7,0,3.2,1.4,3.2,3.2s-1.4,3.2-3.2,3.2c-1.7,0-3.2-1.4-3.2-3.2S17,10.2,18.8,10.2z M34.6,10.2c1.5,0,2.6,1.4,2.6,3.2s-0.5,3.2-1.9,3.2c-1.5,0-3.4-1.4-3.4-3.2S33.1,10.2,34.6,10.2z M50.5,10.2c1.7,0,3.2,1.4,3.2,3.2s-1.4,3.2-3.2,3.2c-1.7,0-3.3-0.9-3.3-2.6S48.7,10.2,50.5,10.2z M66.2,10.2c1.5,0,3.4,1.4,3.4,3.2s-1.9,3.2-3.4,3.2c-1.5,0-2.6-0.4-2.6-2.1S64.8,10.2,66.2,10.2z M82.2,10.2c1.7,0.8,2.6,1.4,2.6,3.2s-0.1,3.2-1.6,3.2c-1.5,0-3.7-1.4-3.7-3.2S80.5,9.4,82.2,10.2zM98.6,10.2c1.5,0,2.6,0.4,2.6,2.1s-1.2,4.2-2.6,4.2c-1.5,0-3.7-0.4-3.7-2.1S97.1,10.2,98.6,10.2z M113.4,10.2c1.2,0,2.2,0.9,2.2,3.2s-0.1,3.2-1.3,3.2s-3.1-1.4-3.1-3.2S112.2,10.2,113.4,10.2z&#039;\/%3E%3C\/svg%3E&quot;);\">\n\t\t\t<span class=\"elementor-divider-separator\">\n\t\t\t\t\t\t<\/span>\n\t\t<\/div>\n\t\t\t\t\t\t<\/div>\n\t\t\t\t<\/div>\n\t\t\t\t<div class=\"elementor-element elementor-element-eb3788f elementor-widget elementor-widget-text-editor\" data-id=\"eb3788f\" data-element_type=\"widget\" data-e-type=\"widget\" data-widget_type=\"text-editor.default\">\n\t\t\t\t<div class=\"elementor-widget-container\">\n\t\t\t\t\t\t\t\t\t<p><strong>Young people from different countries working together on a common project for up to 21 days without having to pay out of pocket? Discover Erasmus+ youth exchanges and get to know your European neighbours!<\/strong><\/p><p>Participating in a youth exchange is a great opportunity to develop your skills, become aware of social realities and cultural differences, and strengthen values \u200b\u200bsuch as: <strong>solidarity, democracy and friendship<\/strong>Let's find out how to participate in such an experience!<\/p>\t\t\t\t\t\t\t\t<\/div>\n\t\t\t\t<\/div>\n\t\t\t\t<div class=\"elementor-element elementor-element-f604fcf elementor-widget elementor-widget-text-editor\" data-id=\"f604fcf\" data-element_type=\"widget\" data-e-type=\"widget\" data-widget_type=\"text-editor.default\">\n\t\t\t\t<div class=\"elementor-widget-container\">\n\t\t\t\t\t\t\t\t\t<h4><strong>How does it work?<\/strong><\/h4>\n<p>Youth exchanges will give you the opportunity to experience together with other young people and work together on a common project for a short but intensive period (5 to 21 days, excluding travel time).<\/p>\n<p>You will participate in activities such as workshops, discussions, multicultural evenings, sports and artistic activities, role-playing, meetings with locals, outdoor activities and much more. Finally, your learning experience will be recognised through Youthpass, a tool that recognises learning outcomes from youth work and solidarity activities.<\/p>\n<p>From 16 to 60 young people can participate in the exchange!<\/p>\n<h4><strong>How to participate?&nbsp;<\/strong><\/h4>\n<p>There are two ways to take part in a Youth Exchange: either projects are managed by youth organisations accredited by Erasmus+ National Agencies (or other types of organisations), or they are organised by an informal group of young people (aged 13 to 30); however, it is not possible to apply as an individual.<\/p>\n<p>To participate, organizations must adhere to high quality standards that ensure the safety and well-being of participants.<\/p>\n<h4><strong>How much does it cost?<\/strong><\/h4>\n<p>Netr\u00e1pte sa, grant zastre\u0161\u00ed va\u0161e cestovn\u00e9 n\u00e1klady, praktick\u00e9 n\u00e1klady a n\u00e1klady spojen\u00e9 s aktivitami po\u010das celej ml\u00e1de\u017en\u00edckej v\u00fdmeny.<\/p>\n<h4><strong>Where can you go on a Youth Exchange?<\/strong><\/h4>\n<p>You can participate in one of the programme countries or in a partner country neighbouring the EU.<\/p>\n<p>Find out more about these available countries&nbsp;<a href=\"https:\/\/erasmus-plus.ec.europa.eu\/programme-guide\/part-a\/eligible-countries\">right HERE<\/a>!<\/p>\t\t\t\t\t\t\t\t<\/div>\n\t\t\t\t<\/div>\n\t\t\t\t\t<\/div>\n\t\t<\/div>\n\t\t\t\t\t<\/div>\n\t\t<\/section>\n\t\t\t\t<\/div>","protected":false},"excerpt":{"rendered":"<p>Zapojme \u013eud\u00ed, zapojme seba Ml\u00e1de\u017en\u00edcke v\u00fdmeny Mlad\u00ed \u013eudia z r\u00f4znych kraj\u00edn pracuj\u00faci spolu na spolo\u010dnom projekte a\u017e 21 dn\u00ed bez toho, aby museli plati\u0165 zo svojho vrecka? Objavte Erasmus+ ml\u00e1de\u017en\u00edcke v\u00fdmeny a spoznajte svojich eur\u00f3pskych susedov! Z\u00fa\u010dastni\u0165 sa na ml\u00e1de\u017en\u00edckej v\u00fdmene je skvelou pr\u00edle\u017eitos\u0165ou na rozvoj svojich zru\u010dnost\u00ed, uvedomenie si soci\u00e1lnej reality a kult\u00farnych rozdielov [&hellip;]<\/p>","protected":false},"author":1,"featured_media":722,"parent":97,"menu_order":1,"comment_status":"closed","ping_status":"closed","template":"elementor_header_footer","meta":{"footnotes":""},"class_list":["post-400","page","type-page","status-publish","has-post-thumbnail","hentry"],"yoast_head":"<!-- This site is optimized with the Yoast SEO plugin v27.5 - https:\/\/yoast.com\/product\/yoast-seo-wordpress\/ -->\n<title>Ml\u00e1de\u017en\u00edcke v\u00fdmeny - Connectus Slovensko<\/title>\n<meta name=\"description\" content=\"Ml\u00e1de\u017en\u00edcke v\u00fdmeny poskytn\u00fa mo\u017enos\u0165 za\u017ei\u0165 kopec z\u00e1\u017eitkov pri pr\u00e1ci na spolo\u010dnom projekte spolu s ostatn\u00fdmi mlad\u00fdmi \u013eu\u010fmi na kr\u00e1tke obdobie.\" \/>\n<meta name=\"robots\" content=\"index, follow, max-snippet:-1, max-image-preview:large, max-video-preview:-1\" \/>\n<link rel=\"canonical\" href=\"https:\/\/www.connectus.sk\/en\/programy\/mladeznicke-vymeny\/\" \/>\n<meta property=\"og:locale\" content=\"en_GB\" \/>\n<meta property=\"og:type\" content=\"article\" \/>\n<meta property=\"og:title\" content=\"Ml\u00e1de\u017en\u00edcke v\u00fdmeny - Connectus Slovensko\" \/>\n<meta property=\"og:description\" content=\"Ml\u00e1de\u017en\u00edcke v\u00fdmeny poskytn\u00fa mo\u017enos\u0165 za\u017ei\u0165 kopec z\u00e1\u017eitkov pri pr\u00e1ci na spolo\u010dnom projekte spolu s ostatn\u00fdmi mlad\u00fdmi \u013eu\u010fmi na kr\u00e1tke obdobie.\" \/>\n<meta property=\"og:url\" content=\"https:\/\/www.connectus.sk\/en\/programy\/mladeznicke-vymeny\/\" \/>\n<meta property=\"og:site_name\" content=\"Connectus Slovensko\" \/>\n<meta property=\"article:modified_time\" content=\"2025-12-19T14:19:32+00:00\" \/>\n<meta property=\"og:image\" content=\"https:\/\/www.connectus.sk\/wp-content\/uploads\/2024\/04\/Kopcany-jul2023-3.jpg\" \/>\n\t<meta property=\"og:image:width\" content=\"750\" \/>\n\t<meta property=\"og:image:height\" content=\"554\" \/>\n\t<meta property=\"og:image:type\" content=\"image\/jpeg\" \/>\n<meta name=\"twitter:card\" content=\"summary_large_image\" \/>\n<meta name=\"twitter:label1\" content=\"Estimated reading time\" \/>\n\t<meta name=\"twitter:data1\" content=\"2 minutes\" \/>\n<script type=\"application\/ld+json\" class=\"yoast-schema-graph\">{\"@context\":\"https:\\\/\\\/schema.org\",\"@graph\":[{\"@type\":\"WebPage\",\"@id\":\"https:\\\/\\\/www.connectus.sk\\\/programy\\\/mladeznicke-vymeny\\\/\",\"url\":\"https:\\\/\\\/www.connectus.sk\\\/programy\\\/mladeznicke-vymeny\\\/\",\"name\":\"Ml\u00e1de\u017en\u00edcke v\u00fdmeny - Connectus Slovensko\",\"isPartOf\":{\"@id\":\"https:\\\/\\\/www.connectus.sk\\\/#website\"},\"primaryImageOfPage\":{\"@id\":\"https:\\\/\\\/www.connectus.sk\\\/programy\\\/mladeznicke-vymeny\\\/#primaryimage\"},\"image\":{\"@id\":\"https:\\\/\\\/www.connectus.sk\\\/programy\\\/mladeznicke-vymeny\\\/#primaryimage\"},\"thumbnailUrl\":\"https:\\\/\\\/www.connectus.sk\\\/wp-content\\\/uploads\\\/2024\\\/04\\\/Kopcany-jul2023-3.jpg\",\"datePublished\":\"2023-03-17T08:05:45+00:00\",\"dateModified\":\"2025-12-19T14:19:32+00:00\",\"description\":\"Ml\u00e1de\u017en\u00edcke v\u00fdmeny poskytn\u00fa mo\u017enos\u0165 za\u017ei\u0165 kopec z\u00e1\u017eitkov pri pr\u00e1ci na spolo\u010dnom projekte spolu s ostatn\u00fdmi mlad\u00fdmi \u013eu\u010fmi na kr\u00e1tke obdobie.\",\"breadcrumb\":{\"@id\":\"https:\\\/\\\/www.connectus.sk\\\/programy\\\/mladeznicke-vymeny\\\/#breadcrumb\"},\"inLanguage\":\"en-GB\",\"potentialAction\":[{\"@type\":\"ReadAction\",\"target\":[\"https:\\\/\\\/www.connectus.sk\\\/programy\\\/mladeznicke-vymeny\\\/\"]}]},{\"@type\":\"ImageObject\",\"inLanguage\":\"en-GB\",\"@id\":\"https:\\\/\\\/www.connectus.sk\\\/programy\\\/mladeznicke-vymeny\\\/#primaryimage\",\"url\":\"https:\\\/\\\/www.connectus.sk\\\/wp-content\\\/uploads\\\/2024\\\/04\\\/Kopcany-jul2023-3.jpg\",\"contentUrl\":\"https:\\\/\\\/www.connectus.sk\\\/wp-content\\\/uploads\\\/2024\\\/04\\\/Kopcany-jul2023-3.jpg\",\"width\":750,\"height\":554},{\"@type\":\"BreadcrumbList\",\"@id\":\"https:\\\/\\\/www.connectus.sk\\\/programy\\\/mladeznicke-vymeny\\\/#breadcrumb\",\"itemListElement\":[{\"@type\":\"ListItem\",\"position\":1,\"name\":\"Home\",\"item\":\"https:\\\/\\\/www.connectus.sk\\\/\"},{\"@type\":\"ListItem\",\"position\":2,\"name\":\"Programy\",\"item\":\"https:\\\/\\\/www.connectus.sk\\\/programy\\\/\"},{\"@type\":\"ListItem\",\"position\":3,\"name\":\"Ml\u00e1de\u017en\u00edcke v\u00fdmeny\"}]},{\"@type\":\"WebSite\",\"@id\":\"https:\\\/\\\/www.connectus.sk\\\/#website\",\"url\":\"https:\\\/\\\/www.connectus.sk\\\/\",\"name\":\"Connectus Slovensko\",\"description\":\"Our aim is to connect\",\"publisher\":{\"@id\":\"https:\\\/\\\/www.connectus.sk\\\/#organization\"},\"potentialAction\":[{\"@type\":\"SearchAction\",\"target\":{\"@type\":\"EntryPoint\",\"urlTemplate\":\"https:\\\/\\\/www.connectus.sk\\\/?s={search_term_string}\"},\"query-input\":{\"@type\":\"PropertyValueSpecification\",\"valueRequired\":true,\"valueName\":\"search_term_string\"}}],\"inLanguage\":\"en-GB\"},{\"@type\":\"Organization\",\"@id\":\"https:\\\/\\\/www.connectus.sk\\\/#organization\",\"name\":\"Connectus Slovensko\",\"url\":\"https:\\\/\\\/www.connectus.sk\\\/\",\"logo\":{\"@type\":\"ImageObject\",\"inLanguage\":\"en-GB\",\"@id\":\"https:\\\/\\\/www.connectus.sk\\\/#\\\/schema\\\/logo\\\/image\\\/\",\"url\":\"https:\\\/\\\/www.connectus.sk\\\/wp-content\\\/uploads\\\/2022\\\/10\\\/cropped-connect_us_without_background.png\",\"contentUrl\":\"https:\\\/\\\/www.connectus.sk\\\/wp-content\\\/uploads\\\/2022\\\/10\\\/cropped-connect_us_without_background.png\",\"width\":4961,\"height\":3508,\"caption\":\"Connectus Slovensko\"},\"image\":{\"@id\":\"https:\\\/\\\/www.connectus.sk\\\/#\\\/schema\\\/logo\\\/image\\\/\"}}]}<\/script>\n<!-- \/ Yoast SEO plugin. -->","yoast_head_json":{"title":"Ml\u00e1de\u017en\u00edcke v\u00fdmeny - Connectus Slovensko","description":"Ml\u00e1de\u017en\u00edcke v\u00fdmeny poskytn\u00fa mo\u017enos\u0165 za\u017ei\u0165 kopec z\u00e1\u017eitkov pri pr\u00e1ci na spolo\u010dnom projekte spolu s ostatn\u00fdmi mlad\u00fdmi \u013eu\u010fmi na kr\u00e1tke obdobie.","robots":{"index":"index","follow":"follow","max-snippet":"max-snippet:-1","max-image-preview":"max-image-preview:large","max-video-preview":"max-video-preview:-1"},"canonical":"https:\/\/www.connectus.sk\/en\/programy\/mladeznicke-vymeny\/","og_locale":"en_GB","og_type":"article","og_title":"Ml\u00e1de\u017en\u00edcke v\u00fdmeny - Connectus Slovensko","og_description":"Ml\u00e1de\u017en\u00edcke v\u00fdmeny poskytn\u00fa mo\u017enos\u0165 za\u017ei\u0165 kopec z\u00e1\u017eitkov pri pr\u00e1ci na spolo\u010dnom projekte spolu s ostatn\u00fdmi mlad\u00fdmi \u013eu\u010fmi na kr\u00e1tke obdobie.","og_url":"https:\/\/www.connectus.sk\/en\/programy\/mladeznicke-vymeny\/","og_site_name":"Connectus Slovensko","article_modified_time":"2025-12-19T14:19:32+00:00","og_image":[{"width":750,"height":554,"url":"https:\/\/www.connectus.sk\/wp-content\/uploads\/2024\/04\/Kopcany-jul2023-3.jpg","type":"image\/jpeg"}],"twitter_card":"summary_large_image","twitter_misc":{"Estimated reading time":"2 minutes"},"schema":{"@context":"https:\/\/schema.org","@graph":[{"@type":"WebPage","@id":"https:\/\/www.connectus.sk\/programy\/mladeznicke-vymeny\/","url":"https:\/\/www.connectus.sk\/programy\/mladeznicke-vymeny\/","name":"Ml\u00e1de\u017en\u00edcke v\u00fdmeny - Connectus Slovensko","isPartOf":{"@id":"https:\/\/www.connectus.sk\/#website"},"primaryImageOfPage":{"@id":"https:\/\/www.connectus.sk\/programy\/mladeznicke-vymeny\/#primaryimage"},"image":{"@id":"https:\/\/www.connectus.sk\/programy\/mladeznicke-vymeny\/#primaryimage"},"thumbnailUrl":"https:\/\/www.connectus.sk\/wp-content\/uploads\/2024\/04\/Kopcany-jul2023-3.jpg","datePublished":"2023-03-17T08:05:45+00:00","dateModified":"2025-12-19T14:19:32+00:00","description":"Ml\u00e1de\u017en\u00edcke v\u00fdmeny poskytn\u00fa mo\u017enos\u0165 za\u017ei\u0165 kopec z\u00e1\u017eitkov pri pr\u00e1ci na spolo\u010dnom projekte spolu s ostatn\u00fdmi mlad\u00fdmi \u013eu\u010fmi na kr\u00e1tke obdobie.","breadcrumb":{"@id":"https:\/\/www.connectus.sk\/programy\/mladeznicke-vymeny\/#breadcrumb"},"inLanguage":"en-GB","potentialAction":[{"@type":"ReadAction","target":["https:\/\/www.connectus.sk\/programy\/mladeznicke-vymeny\/"]}]},{"@type":"ImageObject","inLanguage":"en-GB","@id":"https:\/\/www.connectus.sk\/programy\/mladeznicke-vymeny\/#primaryimage","url":"https:\/\/www.connectus.sk\/wp-content\/uploads\/2024\/04\/Kopcany-jul2023-3.jpg","contentUrl":"https:\/\/www.connectus.sk\/wp-content\/uploads\/2024\/04\/Kopcany-jul2023-3.jpg","width":750,"height":554},{"@type":"BreadcrumbList","@id":"https:\/\/www.connectus.sk\/programy\/mladeznicke-vymeny\/#breadcrumb","itemListElement":[{"@type":"ListItem","position":1,"name":"Home","item":"https:\/\/www.connectus.sk\/"},{"@type":"ListItem","position":2,"name":"Programy","item":"https:\/\/www.connectus.sk\/programy\/"},{"@type":"ListItem","position":3,"name":"Ml\u00e1de\u017en\u00edcke v\u00fdmeny"}]},{"@type":"WebSite","@id":"https:\/\/www.connectus.sk\/#website","url":"https:\/\/www.connectus.sk\/","name":"Connectus Slovensko","description":"Our aim is to connect","publisher":{"@id":"https:\/\/www.connectus.sk\/#organization"},"potentialAction":[{"@type":"SearchAction","target":{"@type":"EntryPoint","urlTemplate":"https:\/\/www.connectus.sk\/?s={search_term_string}"},"query-input":{"@type":"PropertyValueSpecification","valueRequired":true,"valueName":"search_term_string"}}],"inLanguage":"en-GB"},{"@type":"Organization","@id":"https:\/\/www.connectus.sk\/#organization","name":"Connectus Slovensko","url":"https:\/\/www.connectus.sk\/","logo":{"@type":"ImageObject","inLanguage":"en-GB","@id":"https:\/\/www.connectus.sk\/#\/schema\/logo\/image\/","url":"https:\/\/www.connectus.sk\/wp-content\/uploads\/2022\/10\/cropped-connect_us_without_background.png","contentUrl":"https:\/\/www.connectus.sk\/wp-content\/uploads\/2022\/10\/cropped-connect_us_without_background.png","width":4961,"height":3508,"caption":"Connectus Slovensko"},"image":{"@id":"https:\/\/www.connectus.sk\/#\/schema\/logo\/image\/"}}]}},"_links":{"self":[{"href":"https:\/\/www.connectus.sk\/en\/wp-json\/wp\/v2\/pages\/400","targetHints":{"allow":["GET"]}}],"collection":[{"href":"https:\/\/www.connectus.sk\/en\/wp-json\/wp\/v2\/pages"}],"about":[{"href":"https:\/\/www.connectus.sk\/en\/wp-json\/wp\/v2\/types\/page"}],"author":[{"embeddable":true,"href":"https:\/\/www.connectus.sk\/en\/wp-json\/wp\/v2\/users\/1"}],"replies":[{"embeddable":true,"href":"https:\/\/www.connectus.sk\/en\/wp-json\/wp\/v2\/comments?post=400"}],"version-history":[{"count":6,"href":"https:\/\/www.connectus.sk\/en\/wp-json\/wp\/v2\/pages\/400\/revisions"}],"predecessor-version":[{"id":2149,"href":"https:\/\/www.connectus.sk\/en\/wp-json\/wp\/v2\/pages\/400\/revisions\/2149"}],"up":[{"embeddable":true,"href":"https:\/\/www.connectus.sk\/en\/wp-json\/wp\/v2\/pages\/97"}],"wp:featuredmedia":[{"embeddable":true,"href":"https:\/\/www.connectus.sk\/en\/wp-json\/wp\/v2\/media\/722"}],"wp:attachment":[{"href":"https:\/\/www.connectus.sk\/en\/wp-json\/wp\/v2\/media?parent=400"}],"curies":[{"name":"wp","href":"https:\/\/api.w.org\/{rel}","templated":true}]}}