{"id":548,"date":"2024-03-06T12:47:15","date_gmt":"2024-03-06T11:47:15","guid":{"rendered":"https:\/\/www.connectus.sk\/?page_id=548"},"modified":"2026-02-04T14:56:32","modified_gmt":"2026-02-04T13:56:32","slug":"seminare-a-kurzy","status":"publish","type":"page","link":"https:\/\/www.connectus.sk\/en\/programy\/seminare-a-kurzy\/","title":{"rendered":"Seminars and courses"},"content":{"rendered":"<div data-elementor-type=\"wp-page\" data-elementor-id=\"548\" class=\"elementor elementor-548\" data-elementor-post-type=\"page\">\n\t\t\t\t\t\t<section class=\"elementor-section elementor-top-section elementor-element elementor-element-4a93b14 elementor-section-height-min-height elementor-section-items-stretch elementor-section-boxed elementor-section-height-default\" data-id=\"4a93b14\" data-element_type=\"section\" data-e-type=\"section\" data-settings=\"{&quot;background_background&quot;:&quot;classic&quot;,&quot;shape_divider_bottom&quot;:&quot;waves&quot;}\">\n\t\t\t\t\t<div class=\"elementor-shape elementor-shape-bottom\" aria-hidden=\"true\" data-negative=\"false\">\n\t\t\t<svg xmlns=\"http:\/\/www.w3.org\/2000\/svg\" viewbox=\"0 0 1000 100\" preserveaspectratio=\"none\">\n\t<path class=\"elementor-shape-fill\" d=\"M421.9,6.5c22.6-2.5,51.5,0.4,75.5,5.3c23.6,4.9,70.9,23.5,100.5,35.7c75.8,32.2,133.7,44.5,192.6,49.7\tc23.6,2.1,48.7,3.5,103.4-2.5c54.7-6,106.2-25.6,106.2-25.6V0H0v30.3c0,0,72,32.6,158.4,30.5c39.2-0.7,92.8-6.7,134-22.4\tc21.2-8.1,52.2-18.2,79.7-24.2C399.3,7.9,411.6,7.5,421.9,6.5z\"\/>\n<\/svg>\t\t<\/div>\n\t\t\t\t\t<div class=\"elementor-container elementor-column-gap-default\">\n\t\t\t\t\t<div class=\"elementor-column elementor-col-50 elementor-top-column elementor-element elementor-element-32bb64c\" data-id=\"32bb64c\" data-element_type=\"column\" data-e-type=\"column\">\n\t\t\t<div class=\"elementor-widget-wrap elementor-element-populated\">\n\t\t\t\t\t\t<div class=\"elementor-element elementor-element-ba62798 elementor-widget elementor-widget-heading\" data-id=\"ba62798\" data-element_type=\"widget\" data-e-type=\"widget\" data-widget_type=\"heading.default\">\n\t\t\t\t<div class=\"elementor-widget-container\">\n\t\t\t\t\t<h2 class=\"elementor-heading-title elementor-size-default\">Mobility for youth workers<\/h2>\t\t\t\t<\/div>\n\t\t\t\t<\/div>\n\t\t\t\t<div class=\"elementor-element elementor-element-367c857 elementor-widget elementor-widget-heading\" data-id=\"367c857\" data-element_type=\"widget\" data-e-type=\"widget\" data-widget_type=\"heading.default\">\n\t\t\t\t<div class=\"elementor-widget-container\">\n\t\t\t\t\t<h1 class=\"elementor-heading-title elementor-size-default\">Seminars and courses<\/h1>\t\t\t\t<\/div>\n\t\t\t\t<\/div>\n\t\t\t\t<div class=\"elementor-element elementor-element-f60b98f elementor-widget elementor-widget-image\" data-id=\"f60b98f\" data-element_type=\"widget\" data-e-type=\"widget\" data-widget_type=\"image.default\">\n\t\t\t\t<div class=\"elementor-widget-container\">\n\t\t\t\t\t\t\t\t\t\t\t\t\t\t\t<img fetchpriority=\"high\" decoding=\"async\" width=\"347\" height=\"145\" src=\"https:\/\/www.connectus.sk\/wp-content\/uploads\/2024\/04\/images.jpg\" class=\"attachment-full size-full wp-image-806\" alt=\"\" srcset=\"https:\/\/www.connectus.sk\/wp-content\/uploads\/2024\/04\/images.jpg 347w, https:\/\/www.connectus.sk\/wp-content\/uploads\/2024\/04\/images-300x125.jpg 300w\" sizes=\"(max-width: 347px) 100vw, 347px\" \/>\t\t\t\t\t\t\t\t\t\t\t\t\t\t\t<\/div>\n\t\t\t\t<\/div>\n\t\t\t\t\t<\/div>\n\t\t<\/div>\n\t\t\t\t<div class=\"elementor-column elementor-col-50 elementor-top-column elementor-element elementor-element-5e07533\" data-id=\"5e07533\" data-element_type=\"column\" data-e-type=\"column\">\n\t\t\t<div class=\"elementor-widget-wrap elementor-element-populated\">\n\t\t\t\t\t\t<div class=\"elementor-element elementor-element-09810f4 elementor-widget elementor-widget-image\" data-id=\"09810f4\" data-element_type=\"widget\" data-e-type=\"widget\" data-settings=\"{&quot;motion_fx_motion_fx_scrolling&quot;:&quot;yes&quot;,&quot;motion_fx_translateY_effect&quot;:&quot;yes&quot;,&quot;motion_fx_translateY_direction&quot;:&quot;negative&quot;,&quot;motion_fx_translateY_speed&quot;:{&quot;unit&quot;:&quot;px&quot;,&quot;size&quot;:&quot;0.5&quot;,&quot;sizes&quot;:[]},&quot;motion_fx_translateY_affectedRange&quot;:{&quot;unit&quot;:&quot;%&quot;,&quot;size&quot;:&quot;&quot;,&quot;sizes&quot;:{&quot;start&quot;:0,&quot;end&quot;:100}},&quot;motion_fx_devices&quot;:[&quot;desktop&quot;,&quot;tablet&quot;,&quot;mobile&quot;]}\" data-widget_type=\"image.default\">\n\t\t\t\t<div class=\"elementor-widget-container\">\n\t\t\t\t\t\t\t\t\t\t\t\t\t\t\t<img decoding=\"async\" width=\"1170\" height=\"1435\" src=\"https:\/\/www.connectus.sk\/wp-content\/uploads\/2024\/09\/connectus-13.jpeg\" class=\"attachment-full size-full wp-image-1284\" alt=\"\" srcset=\"https:\/\/www.connectus.sk\/wp-content\/uploads\/2024\/09\/connectus-13.jpeg 1170w, https:\/\/www.connectus.sk\/wp-content\/uploads\/2024\/09\/connectus-13-245x300.jpeg 245w, https:\/\/www.connectus.sk\/wp-content\/uploads\/2024\/09\/connectus-13-835x1024.jpeg 835w, https:\/\/www.connectus.sk\/wp-content\/uploads\/2024\/09\/connectus-13-768x942.jpeg 768w\" sizes=\"(max-width: 1170px) 100vw, 1170px\" \/>\t\t\t\t\t\t\t\t\t\t\t\t\t\t\t<\/div>\n\t\t\t\t<\/div>\n\t\t\t\t\t<\/div>\n\t\t<\/div>\n\t\t\t\t\t<\/div>\n\t\t<\/section>\n\t\t\t\t<section class=\"elementor-section elementor-top-section elementor-element elementor-element-2479dd6 elementor-section-boxed elementor-section-height-default elementor-section-height-default\" data-id=\"2479dd6\" data-element_type=\"section\" data-e-type=\"section\">\n\t\t\t\t\t\t<div class=\"elementor-container elementor-column-gap-default\">\n\t\t\t\t\t<div class=\"elementor-column elementor-col-100 elementor-top-column elementor-element elementor-element-aeb1d7f\" data-id=\"aeb1d7f\" data-element_type=\"column\" data-e-type=\"column\">\n\t\t\t<div class=\"elementor-widget-wrap elementor-element-populated\">\n\t\t\t\t\t\t<div class=\"elementor-element elementor-element-11967b3 elementor-widget-divider--separator-type-pattern elementor-widget-divider--no-spacing elementor-widget-divider--view-line elementor-widget elementor-widget-divider\" data-id=\"11967b3\" data-element_type=\"widget\" data-e-type=\"widget\" data-settings=\"{&quot;motion_fx_motion_fx_scrolling&quot;:&quot;yes&quot;,&quot;motion_fx_translateX_effect&quot;:&quot;yes&quot;,&quot;motion_fx_translateX_direction&quot;:&quot;negative&quot;,&quot;motion_fx_translateX_speed&quot;:{&quot;unit&quot;:&quot;px&quot;,&quot;size&quot;:&quot;0.3&quot;,&quot;sizes&quot;:[]},&quot;motion_fx_translateX_affectedRange&quot;:{&quot;unit&quot;:&quot;%&quot;,&quot;size&quot;:&quot;&quot;,&quot;sizes&quot;:{&quot;start&quot;:0,&quot;end&quot;:100}},&quot;motion_fx_devices&quot;:[&quot;desktop&quot;,&quot;tablet&quot;,&quot;mobile&quot;]}\" data-widget_type=\"divider.default\">\n\t\t\t\t<div class=\"elementor-widget-container\">\n\t\t\t\t\t\t\t<div class=\"elementor-divider\" style=\"--divider-pattern-url: url(&quot;data:image\/svg+xml,%3Csvg xmlns=&#039;http:\/\/www.w3.org\/2000\/svg&#039; preserveAspectRatio=&#039;xMidYMid meet&#039; overflow=&#039;visible&#039; height=&#039;100%&#039; viewBox=&#039;0 0 126 26&#039; fill=&#039;black&#039; stroke=&#039;none&#039;%3E%3Cpath d=&#039;M3,10.2c2.6,0,2.6,2,2.6,3.2S4.4,16.5,3,16.5s-3-1.4-3-3.2S0.4,10.2,3,10.2z M18.8,10.2c1.7,0,3.2,1.4,3.2,3.2s-1.4,3.2-3.2,3.2c-1.7,0-3.2-1.4-3.2-3.2S17,10.2,18.8,10.2z M34.6,10.2c1.5,0,2.6,1.4,2.6,3.2s-0.5,3.2-1.9,3.2c-1.5,0-3.4-1.4-3.4-3.2S33.1,10.2,34.6,10.2z M50.5,10.2c1.7,0,3.2,1.4,3.2,3.2s-1.4,3.2-3.2,3.2c-1.7,0-3.3-0.9-3.3-2.6S48.7,10.2,50.5,10.2z M66.2,10.2c1.5,0,3.4,1.4,3.4,3.2s-1.9,3.2-3.4,3.2c-1.5,0-2.6-0.4-2.6-2.1S64.8,10.2,66.2,10.2z M82.2,10.2c1.7,0.8,2.6,1.4,2.6,3.2s-0.1,3.2-1.6,3.2c-1.5,0-3.7-1.4-3.7-3.2S80.5,9.4,82.2,10.2zM98.6,10.2c1.5,0,2.6,0.4,2.6,2.1s-1.2,4.2-2.6,4.2c-1.5,0-3.7-0.4-3.7-2.1S97.1,10.2,98.6,10.2z M113.4,10.2c1.2,0,2.2,0.9,2.2,3.2s-0.1,3.2-1.3,3.2s-3.1-1.4-3.1-3.2S112.2,10.2,113.4,10.2z&#039;\/%3E%3C\/svg%3E&quot;);\">\n\t\t\t<span class=\"elementor-divider-separator\">\n\t\t\t\t\t\t<\/span>\n\t\t<\/div>\n\t\t\t\t\t\t<\/div>\n\t\t\t\t<\/div>\n\t\t\t\t<div class=\"elementor-element elementor-element-bb14140 elementor-widget elementor-widget-text-editor\" data-id=\"bb14140\" data-element_type=\"widget\" data-e-type=\"widget\" data-widget_type=\"text-editor.default\">\n\t\t\t\t<div class=\"elementor-widget-container\">\n\t\t\t\t\t\t\t\t\t<p><b>Mobility for youth workers <\/b>in the Erasmus+ program (Mobility of Youth Workers) is one of the main activities in the field of youth, which focuses on improving the quality of youth work through education and exchange of experiences of youth workers.<\/p><p><b>What does it mean?<\/b><br \/>A project activity that enables youth workers (animators, trainers, mentors, leaders of youth organizations) to gain new skills, knowledge and experience through international mobility and non-formal education.<\/p><p><b>Type of activities:<\/b><\/p><p><b>1. Training Courses<br \/>2. Job Shadowing - monitoring the work of another organization<br \/>3. Study Visits<br \/>4. Partnership Building Activities \u2013 PBA<br \/>5. Seminaars<\/b><\/p><p><b>Targets:<\/b><\/p><ul><li>Improve the competences of youth workers<\/li><li>To support international cooperation between organizations working with youth<\/li><li>Introduce innovative approaches in youth work<\/li><li>To support the professional growth and personal development of participants<\/li><li>Increase the quality of Erasmus+ projects in the field of youth<\/li><\/ul><p>\u00a0<\/p><p><b>Who can participate?<\/b><\/p><ul><li>Youth workers (including volunteers), youth leaders, trainers, mentors<\/li><li>Youth organizations, youth associations, informal groups of young people<\/li><\/ul><p><b>\u00a0<\/b><\/p><p><b>Duration of mobility:<\/b><\/p><ul><li>2 days to 2 months (excluding travel)<\/li><li>Training courses typically last 5\u201310 days.<\/li><\/ul><p><b>\u00a0<\/b><\/p><p><b>Financovanie:<\/b><\/p><ul><li>100% of travel costs (based on distance)<\/li><li>Accommodation, meals and program are fully covered<\/li><li>Organizations also receive a contribution towards organizational costs<\/li><\/ul><p><b>\u00a0<\/b><\/p><p><b>Advantages:<\/b><\/p><ul><li>Expanding international contacts<\/li><li>Improving practical skills and methods of working with youth<\/li><li>Personal growth and intercultural exchange<\/li><li>Preparing for future joint projects<\/li><\/ul>\t\t\t\t\t\t\t\t<\/div>\n\t\t\t\t<\/div>\n\t\t\t\t\t<\/div>\n\t\t<\/div>\n\t\t\t\t\t<\/div>\n\t\t<\/section>\n\t\t\t\t<\/div>","protected":false},"excerpt":{"rendered":"<p>Mobilita pre pracovn\u00edkov s ml\u00e1de\u017eou Semin\u00e1re a kurzy Mobilita pracovn\u00edkov s ml\u00e1de\u017eou v programe Erasmus+ (Mobility of Youth Workers) je\u00a0jednou z hlavn\u00fdch aktiv\u00edt v oblasti ml\u00e1de\u017ee, ktor\u00e1 sa zameriava na zvy\u0161ovanie kvality\u00a0pr\u00e1ce s ml\u00e1de\u017eou prostredn\u00edctvom vzdel\u00e1vania a v\u00fdmeny sk\u00fasenost\u00ed pracovn\u00edkov s\u00a0ml\u00e1de\u017eou (youth workers). \u010co to je?Je to projektov\u00e1 aktivita, ktor\u00e1 umo\u017e\u0148uje pracovn\u00edkom s ml\u00e1de\u017eou (anim\u00e1tori, [&hellip;]<\/p>","protected":false},"author":1,"featured_media":1284,"parent":97,"menu_order":2,"comment_status":"closed","ping_status":"closed","template":"elementor_header_footer","meta":{"footnotes":""},"class_list":["post-548","page","type-page","status-publish","has-post-thumbnail","hentry"],"yoast_head":"<!-- This site is optimized with the Yoast SEO plugin v27.5 - https:\/\/yoast.com\/product\/yoast-seo-wordpress\/ -->\n<title>Semin\u00e1re a kurzy - Connectus Slovensko<\/title>\n<meta name=\"description\" content=\"Projektov\u00e1 aktivita, ktor\u00e1 umo\u017e\u0148uje pracovn\u00edkom s ml\u00e1de\u017eou z\u00edska\u0165 zru\u010dnosti, poznatky a sk\u00fasenosti prostredn\u00edctvom medzin\u00e1rodnej mobility.\" \/>\n<meta name=\"robots\" content=\"index, follow, max-snippet:-1, max-image-preview:large, max-video-preview:-1\" \/>\n<link rel=\"canonical\" href=\"https:\/\/www.connectus.sk\/en\/programy\/seminare-a-kurzy\/\" \/>\n<meta property=\"og:locale\" content=\"en_GB\" \/>\n<meta property=\"og:type\" content=\"article\" \/>\n<meta property=\"og:title\" content=\"Semin\u00e1re a kurzy - Connectus Slovensko\" \/>\n<meta property=\"og:description\" content=\"Projektov\u00e1 aktivita, ktor\u00e1 umo\u017e\u0148uje pracovn\u00edkom s ml\u00e1de\u017eou z\u00edska\u0165 zru\u010dnosti, poznatky a sk\u00fasenosti prostredn\u00edctvom medzin\u00e1rodnej mobility.\" \/>\n<meta property=\"og:url\" content=\"https:\/\/www.connectus.sk\/en\/programy\/seminare-a-kurzy\/\" \/>\n<meta property=\"og:site_name\" content=\"Connectus Slovensko\" \/>\n<meta property=\"article:modified_time\" content=\"2026-02-04T13:56:32+00:00\" \/>\n<meta property=\"og:image\" content=\"https:\/\/www.connectus.sk\/wp-content\/uploads\/2024\/09\/connectus-13.jpeg\" \/>\n\t<meta property=\"og:image:width\" content=\"1170\" \/>\n\t<meta property=\"og:image:height\" content=\"1435\" \/>\n\t<meta property=\"og:image:type\" content=\"image\/jpeg\" \/>\n<meta name=\"twitter:card\" content=\"summary_large_image\" \/>\n<meta name=\"twitter:label1\" content=\"Estimated reading time\" \/>\n\t<meta name=\"twitter:data1\" content=\"2 minutes\" \/>\n<script type=\"application\/ld+json\" class=\"yoast-schema-graph\">{\"@context\":\"https:\\\/\\\/schema.org\",\"@graph\":[{\"@type\":\"WebPage\",\"@id\":\"https:\\\/\\\/www.connectus.sk\\\/programy\\\/seminare-a-kurzy\\\/\",\"url\":\"https:\\\/\\\/www.connectus.sk\\\/programy\\\/seminare-a-kurzy\\\/\",\"name\":\"Semin\u00e1re a kurzy - Connectus Slovensko\",\"isPartOf\":{\"@id\":\"https:\\\/\\\/www.connectus.sk\\\/#website\"},\"primaryImageOfPage\":{\"@id\":\"https:\\\/\\\/www.connectus.sk\\\/programy\\\/seminare-a-kurzy\\\/#primaryimage\"},\"image\":{\"@id\":\"https:\\\/\\\/www.connectus.sk\\\/programy\\\/seminare-a-kurzy\\\/#primaryimage\"},\"thumbnailUrl\":\"https:\\\/\\\/www.connectus.sk\\\/wp-content\\\/uploads\\\/2024\\\/09\\\/connectus-13.jpeg\",\"datePublished\":\"2024-03-06T11:47:15+00:00\",\"dateModified\":\"2026-02-04T13:56:32+00:00\",\"description\":\"Projektov\u00e1 aktivita, ktor\u00e1 umo\u017e\u0148uje pracovn\u00edkom s ml\u00e1de\u017eou z\u00edska\u0165 zru\u010dnosti, poznatky a sk\u00fasenosti prostredn\u00edctvom medzin\u00e1rodnej mobility.\",\"breadcrumb\":{\"@id\":\"https:\\\/\\\/www.connectus.sk\\\/programy\\\/seminare-a-kurzy\\\/#breadcrumb\"},\"inLanguage\":\"en-GB\",\"potentialAction\":[{\"@type\":\"ReadAction\",\"target\":[\"https:\\\/\\\/www.connectus.sk\\\/programy\\\/seminare-a-kurzy\\\/\"]}]},{\"@type\":\"ImageObject\",\"inLanguage\":\"en-GB\",\"@id\":\"https:\\\/\\\/www.connectus.sk\\\/programy\\\/seminare-a-kurzy\\\/#primaryimage\",\"url\":\"https:\\\/\\\/www.connectus.sk\\\/wp-content\\\/uploads\\\/2024\\\/09\\\/connectus-13.jpeg\",\"contentUrl\":\"https:\\\/\\\/www.connectus.sk\\\/wp-content\\\/uploads\\\/2024\\\/09\\\/connectus-13.jpeg\",\"width\":1170,\"height\":1435},{\"@type\":\"BreadcrumbList\",\"@id\":\"https:\\\/\\\/www.connectus.sk\\\/programy\\\/seminare-a-kurzy\\\/#breadcrumb\",\"itemListElement\":[{\"@type\":\"ListItem\",\"position\":1,\"name\":\"Home\",\"item\":\"https:\\\/\\\/www.connectus.sk\\\/\"},{\"@type\":\"ListItem\",\"position\":2,\"name\":\"Programy\",\"item\":\"https:\\\/\\\/www.connectus.sk\\\/programy\\\/\"},{\"@type\":\"ListItem\",\"position\":3,\"name\":\"Semin\u00e1re a kurzy\"}]},{\"@type\":\"WebSite\",\"@id\":\"https:\\\/\\\/www.connectus.sk\\\/#website\",\"url\":\"https:\\\/\\\/www.connectus.sk\\\/\",\"name\":\"Connectus Slovensko\",\"description\":\"Our aim is to connect\",\"publisher\":{\"@id\":\"https:\\\/\\\/www.connectus.sk\\\/#organization\"},\"potentialAction\":[{\"@type\":\"SearchAction\",\"target\":{\"@type\":\"EntryPoint\",\"urlTemplate\":\"https:\\\/\\\/www.connectus.sk\\\/?s={search_term_string}\"},\"query-input\":{\"@type\":\"PropertyValueSpecification\",\"valueRequired\":true,\"valueName\":\"search_term_string\"}}],\"inLanguage\":\"en-GB\"},{\"@type\":\"Organization\",\"@id\":\"https:\\\/\\\/www.connectus.sk\\\/#organization\",\"name\":\"Connectus Slovensko\",\"url\":\"https:\\\/\\\/www.connectus.sk\\\/\",\"logo\":{\"@type\":\"ImageObject\",\"inLanguage\":\"en-GB\",\"@id\":\"https:\\\/\\\/www.connectus.sk\\\/#\\\/schema\\\/logo\\\/image\\\/\",\"url\":\"https:\\\/\\\/www.connectus.sk\\\/wp-content\\\/uploads\\\/2022\\\/10\\\/cropped-connect_us_without_background.png\",\"contentUrl\":\"https:\\\/\\\/www.connectus.sk\\\/wp-content\\\/uploads\\\/2022\\\/10\\\/cropped-connect_us_without_background.png\",\"width\":4961,\"height\":3508,\"caption\":\"Connectus Slovensko\"},\"image\":{\"@id\":\"https:\\\/\\\/www.connectus.sk\\\/#\\\/schema\\\/logo\\\/image\\\/\"}}]}<\/script>\n<!-- \/ Yoast SEO plugin. -->","yoast_head_json":{"title":"Semin\u00e1re a kurzy - Connectus Slovensko","description":"Projektov\u00e1 aktivita, ktor\u00e1 umo\u017e\u0148uje pracovn\u00edkom s ml\u00e1de\u017eou z\u00edska\u0165 zru\u010dnosti, poznatky a sk\u00fasenosti prostredn\u00edctvom medzin\u00e1rodnej mobility.","robots":{"index":"index","follow":"follow","max-snippet":"max-snippet:-1","max-image-preview":"max-image-preview:large","max-video-preview":"max-video-preview:-1"},"canonical":"https:\/\/www.connectus.sk\/en\/programy\/seminare-a-kurzy\/","og_locale":"en_GB","og_type":"article","og_title":"Semin\u00e1re a kurzy - Connectus Slovensko","og_description":"Projektov\u00e1 aktivita, ktor\u00e1 umo\u017e\u0148uje pracovn\u00edkom s ml\u00e1de\u017eou z\u00edska\u0165 zru\u010dnosti, poznatky a sk\u00fasenosti prostredn\u00edctvom medzin\u00e1rodnej mobility.","og_url":"https:\/\/www.connectus.sk\/en\/programy\/seminare-a-kurzy\/","og_site_name":"Connectus Slovensko","article_modified_time":"2026-02-04T13:56:32+00:00","og_image":[{"width":1170,"height":1435,"url":"https:\/\/www.connectus.sk\/wp-content\/uploads\/2024\/09\/connectus-13.jpeg","type":"image\/jpeg"}],"twitter_card":"summary_large_image","twitter_misc":{"Estimated reading time":"2 minutes"},"schema":{"@context":"https:\/\/schema.org","@graph":[{"@type":"WebPage","@id":"https:\/\/www.connectus.sk\/programy\/seminare-a-kurzy\/","url":"https:\/\/www.connectus.sk\/programy\/seminare-a-kurzy\/","name":"Semin\u00e1re a kurzy - Connectus Slovensko","isPartOf":{"@id":"https:\/\/www.connectus.sk\/#website"},"primaryImageOfPage":{"@id":"https:\/\/www.connectus.sk\/programy\/seminare-a-kurzy\/#primaryimage"},"image":{"@id":"https:\/\/www.connectus.sk\/programy\/seminare-a-kurzy\/#primaryimage"},"thumbnailUrl":"https:\/\/www.connectus.sk\/wp-content\/uploads\/2024\/09\/connectus-13.jpeg","datePublished":"2024-03-06T11:47:15+00:00","dateModified":"2026-02-04T13:56:32+00:00","description":"Projektov\u00e1 aktivita, ktor\u00e1 umo\u017e\u0148uje pracovn\u00edkom s ml\u00e1de\u017eou z\u00edska\u0165 zru\u010dnosti, poznatky a sk\u00fasenosti prostredn\u00edctvom medzin\u00e1rodnej mobility.","breadcrumb":{"@id":"https:\/\/www.connectus.sk\/programy\/seminare-a-kurzy\/#breadcrumb"},"inLanguage":"en-GB","potentialAction":[{"@type":"ReadAction","target":["https:\/\/www.connectus.sk\/programy\/seminare-a-kurzy\/"]}]},{"@type":"ImageObject","inLanguage":"en-GB","@id":"https:\/\/www.connectus.sk\/programy\/seminare-a-kurzy\/#primaryimage","url":"https:\/\/www.connectus.sk\/wp-content\/uploads\/2024\/09\/connectus-13.jpeg","contentUrl":"https:\/\/www.connectus.sk\/wp-content\/uploads\/2024\/09\/connectus-13.jpeg","width":1170,"height":1435},{"@type":"BreadcrumbList","@id":"https:\/\/www.connectus.sk\/programy\/seminare-a-kurzy\/#breadcrumb","itemListElement":[{"@type":"ListItem","position":1,"name":"Home","item":"https:\/\/www.connectus.sk\/"},{"@type":"ListItem","position":2,"name":"Programy","item":"https:\/\/www.connectus.sk\/programy\/"},{"@type":"ListItem","position":3,"name":"Semin\u00e1re a kurzy"}]},{"@type":"WebSite","@id":"https:\/\/www.connectus.sk\/#website","url":"https:\/\/www.connectus.sk\/","name":"Connectus Slovensko","description":"Our aim is to connect","publisher":{"@id":"https:\/\/www.connectus.sk\/#organization"},"potentialAction":[{"@type":"SearchAction","target":{"@type":"EntryPoint","urlTemplate":"https:\/\/www.connectus.sk\/?s={search_term_string}"},"query-input":{"@type":"PropertyValueSpecification","valueRequired":true,"valueName":"search_term_string"}}],"inLanguage":"en-GB"},{"@type":"Organization","@id":"https:\/\/www.connectus.sk\/#organization","name":"Connectus Slovensko","url":"https:\/\/www.connectus.sk\/","logo":{"@type":"ImageObject","inLanguage":"en-GB","@id":"https:\/\/www.connectus.sk\/#\/schema\/logo\/image\/","url":"https:\/\/www.connectus.sk\/wp-content\/uploads\/2022\/10\/cropped-connect_us_without_background.png","contentUrl":"https:\/\/www.connectus.sk\/wp-content\/uploads\/2022\/10\/cropped-connect_us_without_background.png","width":4961,"height":3508,"caption":"Connectus Slovensko"},"image":{"@id":"https:\/\/www.connectus.sk\/#\/schema\/logo\/image\/"}}]}},"_links":{"self":[{"href":"https:\/\/www.connectus.sk\/en\/wp-json\/wp\/v2\/pages\/548","targetHints":{"allow":["GET"]}}],"collection":[{"href":"https:\/\/www.connectus.sk\/en\/wp-json\/wp\/v2\/pages"}],"about":[{"href":"https:\/\/www.connectus.sk\/en\/wp-json\/wp\/v2\/types\/page"}],"author":[{"embeddable":true,"href":"https:\/\/www.connectus.sk\/en\/wp-json\/wp\/v2\/users\/1"}],"replies":[{"embeddable":true,"href":"https:\/\/www.connectus.sk\/en\/wp-json\/wp\/v2\/comments?post=548"}],"version-history":[{"count":6,"href":"https:\/\/www.connectus.sk\/en\/wp-json\/wp\/v2\/pages\/548\/revisions"}],"predecessor-version":[{"id":2228,"href":"https:\/\/www.connectus.sk\/en\/wp-json\/wp\/v2\/pages\/548\/revisions\/2228"}],"up":[{"embeddable":true,"href":"https:\/\/www.connectus.sk\/en\/wp-json\/wp\/v2\/pages\/97"}],"wp:featuredmedia":[{"embeddable":true,"href":"https:\/\/www.connectus.sk\/en\/wp-json\/wp\/v2\/media\/1284"}],"wp:attachment":[{"href":"https:\/\/www.connectus.sk\/en\/wp-json\/wp\/v2\/media?parent=548"}],"curies":[{"name":"wp","href":"https:\/\/api.w.org\/{rel}","templated":true}]}}