{"id":550,"date":"2024-03-06T12:47:54","date_gmt":"2024-03-06T11:47:54","guid":{"rendered":"https:\/\/www.connectus.sk\/?page_id=550"},"modified":"2025-08-12T09:13:07","modified_gmt":"2025-08-12T07:13:07","slug":"small-scale-partnership","status":"publish","type":"page","link":"https:\/\/www.connectus.sk\/en\/programy\/small-scale-partnership\/","title":{"rendered":"Small scale partnership"},"content":{"rendered":"<div data-elementor-type=\"wp-page\" data-elementor-id=\"550\" class=\"elementor elementor-550\" data-elementor-post-type=\"page\">\n\t\t\t\t\t\t<section class=\"elementor-section elementor-top-section elementor-element elementor-element-e2a497c elementor-section-height-min-height elementor-section-items-stretch elementor-section-boxed elementor-section-height-default\" data-id=\"e2a497c\" data-element_type=\"section\" data-e-type=\"section\" data-settings=\"{&quot;background_background&quot;:&quot;classic&quot;,&quot;shape_divider_bottom&quot;:&quot;waves&quot;}\">\n\t\t\t\t\t<div class=\"elementor-shape elementor-shape-bottom\" aria-hidden=\"true\" data-negative=\"false\">\n\t\t\t<svg xmlns=\"http:\/\/www.w3.org\/2000\/svg\" viewbox=\"0 0 1000 100\" preserveaspectratio=\"none\">\n\t<path class=\"elementor-shape-fill\" d=\"M421.9,6.5c22.6-2.5,51.5,0.4,75.5,5.3c23.6,4.9,70.9,23.5,100.5,35.7c75.8,32.2,133.7,44.5,192.6,49.7\tc23.6,2.1,48.7,3.5,103.4-2.5c54.7-6,106.2-25.6,106.2-25.6V0H0v30.3c0,0,72,32.6,158.4,30.5c39.2-0.7,92.8-6.7,134-22.4\tc21.2-8.1,52.2-18.2,79.7-24.2C399.3,7.9,411.6,7.5,421.9,6.5z\"\/>\n<\/svg>\t\t<\/div>\n\t\t\t\t\t<div class=\"elementor-container elementor-column-gap-default\">\n\t\t\t\t\t<div class=\"elementor-column elementor-col-50 elementor-top-column elementor-element elementor-element-5a2f349\" data-id=\"5a2f349\" data-element_type=\"column\" data-e-type=\"column\">\n\t\t\t<div class=\"elementor-widget-wrap elementor-element-populated\">\n\t\t\t\t\t\t<div class=\"elementor-element elementor-element-73b6359 elementor-widget elementor-widget-heading\" data-id=\"73b6359\" data-element_type=\"widget\" data-e-type=\"widget\" data-widget_type=\"heading.default\">\n\t\t\t\t<div class=\"elementor-widget-container\">\n\t\t\t\t\t<h2 class=\"elementor-heading-title elementor-size-default\">Small parterships<\/h2>\t\t\t\t<\/div>\n\t\t\t\t<\/div>\n\t\t\t\t<div class=\"elementor-element elementor-element-3b52822 elementor-widget elementor-widget-heading\" data-id=\"3b52822\" data-element_type=\"widget\" data-e-type=\"widget\" data-widget_type=\"heading.default\">\n\t\t\t\t<div class=\"elementor-widget-container\">\n\t\t\t\t\t<h1 class=\"elementor-heading-title elementor-size-default\">Small scale partnership<\/h1>\t\t\t\t<\/div>\n\t\t\t\t<\/div>\n\t\t\t\t<div class=\"elementor-element elementor-element-d2452d3 elementor-widget elementor-widget-image\" data-id=\"d2452d3\" data-element_type=\"widget\" data-e-type=\"widget\" data-widget_type=\"image.default\">\n\t\t\t\t<div class=\"elementor-widget-container\">\n\t\t\t\t\t\t\t\t\t\t\t\t\t\t\t<img fetchpriority=\"high\" decoding=\"async\" width=\"347\" height=\"145\" src=\"https:\/\/www.connectus.sk\/wp-content\/uploads\/2024\/04\/images.jpg\" class=\"attachment-full size-full wp-image-806\" alt=\"\" srcset=\"https:\/\/www.connectus.sk\/wp-content\/uploads\/2024\/04\/images.jpg 347w, https:\/\/www.connectus.sk\/wp-content\/uploads\/2024\/04\/images-300x125.jpg 300w\" sizes=\"(max-width: 347px) 100vw, 347px\" \/>\t\t\t\t\t\t\t\t\t\t\t\t\t\t\t<\/div>\n\t\t\t\t<\/div>\n\t\t\t\t\t<\/div>\n\t\t<\/div>\n\t\t\t\t<div class=\"elementor-column elementor-col-50 elementor-top-column elementor-element elementor-element-9ddb7ce\" data-id=\"9ddb7ce\" data-element_type=\"column\" data-e-type=\"column\">\n\t\t\t<div class=\"elementor-widget-wrap elementor-element-populated\">\n\t\t\t\t\t\t<div class=\"elementor-element elementor-element-d7b34d3 elementor-widget elementor-widget-image\" data-id=\"d7b34d3\" data-element_type=\"widget\" data-e-type=\"widget\" data-settings=\"{&quot;motion_fx_motion_fx_scrolling&quot;:&quot;yes&quot;,&quot;motion_fx_translateY_effect&quot;:&quot;yes&quot;,&quot;motion_fx_translateY_direction&quot;:&quot;negative&quot;,&quot;motion_fx_translateY_speed&quot;:{&quot;unit&quot;:&quot;px&quot;,&quot;size&quot;:&quot;0.5&quot;,&quot;sizes&quot;:[]},&quot;motion_fx_translateY_affectedRange&quot;:{&quot;unit&quot;:&quot;%&quot;,&quot;size&quot;:&quot;&quot;,&quot;sizes&quot;:{&quot;start&quot;:0,&quot;end&quot;:100}},&quot;motion_fx_devices&quot;:[&quot;desktop&quot;,&quot;tablet&quot;,&quot;mobile&quot;]}\" data-widget_type=\"image.default\">\n\t\t\t\t<div class=\"elementor-widget-container\">\n\t\t\t\t\t\t\t\t\t\t\t\t\t\t\t<img decoding=\"async\" width=\"1170\" height=\"1437\" src=\"https:\/\/www.connectus.sk\/wp-content\/uploads\/2024\/09\/connectus-7.jpeg\" class=\"attachment-full size-full wp-image-1278\" alt=\"\" srcset=\"https:\/\/www.connectus.sk\/wp-content\/uploads\/2024\/09\/connectus-7.jpeg 1170w, https:\/\/www.connectus.sk\/wp-content\/uploads\/2024\/09\/connectus-7-244x300.jpeg 244w, https:\/\/www.connectus.sk\/wp-content\/uploads\/2024\/09\/connectus-7-834x1024.jpeg 834w, https:\/\/www.connectus.sk\/wp-content\/uploads\/2024\/09\/connectus-7-768x943.jpeg 768w\" sizes=\"(max-width: 1170px) 100vw, 1170px\" \/>\t\t\t\t\t\t\t\t\t\t\t\t\t\t\t<\/div>\n\t\t\t\t<\/div>\n\t\t\t\t\t<\/div>\n\t\t<\/div>\n\t\t\t\t\t<\/div>\n\t\t<\/section>\n\t\t\t\t<section class=\"elementor-section elementor-top-section elementor-element elementor-element-b4a1648 elementor-section-boxed elementor-section-height-default elementor-section-height-default\" data-id=\"b4a1648\" data-element_type=\"section\" data-e-type=\"section\">\n\t\t\t\t\t\t<div class=\"elementor-container elementor-column-gap-default\">\n\t\t\t\t\t<div class=\"elementor-column elementor-col-100 elementor-top-column elementor-element elementor-element-e1375b7\" data-id=\"e1375b7\" data-element_type=\"column\" data-e-type=\"column\">\n\t\t\t<div class=\"elementor-widget-wrap elementor-element-populated\">\n\t\t\t\t\t\t<div class=\"elementor-element elementor-element-1732988 elementor-widget-divider--separator-type-pattern elementor-widget-divider--no-spacing elementor-widget-divider--view-line elementor-widget elementor-widget-divider\" data-id=\"1732988\" data-element_type=\"widget\" data-e-type=\"widget\" data-settings=\"{&quot;motion_fx_motion_fx_scrolling&quot;:&quot;yes&quot;,&quot;motion_fx_translateX_effect&quot;:&quot;yes&quot;,&quot;motion_fx_translateX_direction&quot;:&quot;negative&quot;,&quot;motion_fx_translateX_speed&quot;:{&quot;unit&quot;:&quot;px&quot;,&quot;size&quot;:&quot;0.3&quot;,&quot;sizes&quot;:[]},&quot;motion_fx_translateX_affectedRange&quot;:{&quot;unit&quot;:&quot;%&quot;,&quot;size&quot;:&quot;&quot;,&quot;sizes&quot;:{&quot;start&quot;:0,&quot;end&quot;:100}},&quot;motion_fx_devices&quot;:[&quot;desktop&quot;,&quot;tablet&quot;,&quot;mobile&quot;]}\" data-widget_type=\"divider.default\">\n\t\t\t\t<div class=\"elementor-widget-container\">\n\t\t\t\t\t\t\t<div class=\"elementor-divider\" style=\"--divider-pattern-url: url(&quot;data:image\/svg+xml,%3Csvg xmlns=&#039;http:\/\/www.w3.org\/2000\/svg&#039; preserveAspectRatio=&#039;xMidYMid meet&#039; overflow=&#039;visible&#039; height=&#039;100%&#039; viewBox=&#039;0 0 126 26&#039; fill=&#039;black&#039; stroke=&#039;none&#039;%3E%3Cpath d=&#039;M3,10.2c2.6,0,2.6,2,2.6,3.2S4.4,16.5,3,16.5s-3-1.4-3-3.2S0.4,10.2,3,10.2z M18.8,10.2c1.7,0,3.2,1.4,3.2,3.2s-1.4,3.2-3.2,3.2c-1.7,0-3.2-1.4-3.2-3.2S17,10.2,18.8,10.2z M34.6,10.2c1.5,0,2.6,1.4,2.6,3.2s-0.5,3.2-1.9,3.2c-1.5,0-3.4-1.4-3.4-3.2S33.1,10.2,34.6,10.2z M50.5,10.2c1.7,0,3.2,1.4,3.2,3.2s-1.4,3.2-3.2,3.2c-1.7,0-3.3-0.9-3.3-2.6S48.7,10.2,50.5,10.2z M66.2,10.2c1.5,0,3.4,1.4,3.4,3.2s-1.9,3.2-3.4,3.2c-1.5,0-2.6-0.4-2.6-2.1S64.8,10.2,66.2,10.2z M82.2,10.2c1.7,0.8,2.6,1.4,2.6,3.2s-0.1,3.2-1.6,3.2c-1.5,0-3.7-1.4-3.7-3.2S80.5,9.4,82.2,10.2zM98.6,10.2c1.5,0,2.6,0.4,2.6,2.1s-1.2,4.2-2.6,4.2c-1.5,0-3.7-0.4-3.7-2.1S97.1,10.2,98.6,10.2z M113.4,10.2c1.2,0,2.2,0.9,2.2,3.2s-0.1,3.2-1.3,3.2s-3.1-1.4-3.1-3.2S112.2,10.2,113.4,10.2z&#039;\/%3E%3C\/svg%3E&quot;);\">\n\t\t\t<span class=\"elementor-divider-separator\">\n\t\t\t\t\t\t<\/span>\n\t\t<\/div>\n\t\t\t\t\t\t<\/div>\n\t\t\t\t<\/div>\n\t\t\t\t<div class=\"elementor-element elementor-element-f19b100 elementor-widget elementor-widget-text-editor\" data-id=\"f19b100\" data-element_type=\"widget\" data-e-type=\"widget\" data-widget_type=\"text-editor.default\">\n\t\t\t\t<div class=\"elementor-widget-container\">\n\t\t\t\t\t\t\t\t\t<p><b>Small-Scale Partnerships <\/b>(small partnerships) in the Erasmus+ programme are simpler and more flexible international cooperation projects, which are mainly intended for smaller organisations, starting project coordinators or organisations without previous experience with European projects. Their main aim is to enable these organisations to try out international cooperation, build capacity and share good practices without complicated administration.<\/p>\n<p>They must join the Small-Scale Partnership project <b>at least two organizations from two different countries<\/b>, which are part of the Erasmus+ programme. The duration of the projects ranges from 6 to 24 months. Unlike larger partnerships, these projects are financed through flat-rate grants of either \u20ac30,000 or \u20ac60,000, depending on the scope and complexity of the planned activities.<\/p>\n<p>Small partnership projects can include various activities, such as exchanging good practices in youth work, developing new methodologies and tools, organising training workshops and seminars, or piloting innovative approaches. An important part is also building the capacity of the organisations themselves to better engage in European cooperation in the future.<\/p>\n<p>Small partnerships are <b>especially suitable for non-profit organizations, local and regional associations, or new organizations that want to take the first step towards international projects.<\/b> The advantage is simpler administration, lower financial and organizational requirements, and the opportunity to gain practical experience in implementing a European project.<\/p>\n<p>The Small-Scale Partnerships grant covers all costs associated with the project, including personnel costs, travel, preparation of materials, organization of events, and dissemination of results.<\/p>\t\t\t\t\t\t\t\t<\/div>\n\t\t\t\t<\/div>\n\t\t\t\t\t<\/div>\n\t\t<\/div>\n\t\t\t\t\t<\/div>\n\t\t<\/section>\n\t\t\t\t<\/div>","protected":false},"excerpt":{"rendered":"<p>Mal\u00e9 partnerstv\u00e1 Small scale partnership Small-Scale Partnerships (mal\u00e9 partnerstv\u00e1) v programe Erasmus+ s\u00fa jednoduch\u0161ie a&nbsp;flexibilnej\u0161ie projekty medzin\u00e1rodnej spolupr\u00e1ce, ktor\u00e9 s\u00fa ur\u010den\u00e9 najm\u00e4 pre men\u0161ie&nbsp;organiz\u00e1cie, za\u010d\u00ednaj\u00facich projektov\u00fdch koordin\u00e1torov alebo organiz\u00e1cie bez&nbsp;predch\u00e1dzaj\u00facich sk\u00fasenost\u00ed s eur\u00f3pskymi projektmi. Ich hlavn\u00fdm cie\u013eom je umo\u017eni\u0165 t\u00fdmto&nbsp;organiz\u00e1ci\u00e1m vysk\u00fa\u0161a\u0165 si medzin\u00e1rodn\u00fa spolupr\u00e1cu, budova\u0165 kapacity a zdie\u013ea\u0165 osved\u010den\u00e9&nbsp;postupy bez zlo\u017eitej administrat\u00edvy. Do projektu Small-Scale [&hellip;]<\/p>","protected":false},"author":1,"featured_media":271,"parent":97,"menu_order":3,"comment_status":"closed","ping_status":"closed","template":"elementor_header_footer","meta":{"footnotes":""},"class_list":["post-550","page","type-page","status-publish","has-post-thumbnail","hentry"],"yoast_head":"<!-- This site is optimized with the Yoast SEO plugin v27.5 - https:\/\/yoast.com\/product\/yoast-seo-wordpress\/ -->\n<title>Small scale partnership - Connectus Slovensko<\/title>\n<meta name=\"description\" content=\"Partnerstv\u00e1 mal\u00e9ho rozsahu roz\u0161iruj\u00fa pr\u00edstup k programu pre jednotlivcov - v oblasti vzdel\u00e1vania dospel\u00fdch, vzdel\u00e1vania ml\u00e1de\u017ee a \u0161portu.\" \/>\n<meta name=\"robots\" content=\"index, follow, max-snippet:-1, max-image-preview:large, max-video-preview:-1\" \/>\n<link rel=\"canonical\" href=\"https:\/\/www.connectus.sk\/en\/programy\/small-scale-partnership\/\" \/>\n<meta property=\"og:locale\" content=\"en_GB\" \/>\n<meta property=\"og:type\" content=\"article\" \/>\n<meta property=\"og:title\" content=\"Small scale partnership - Connectus Slovensko\" \/>\n<meta property=\"og:description\" content=\"Partnerstv\u00e1 mal\u00e9ho rozsahu roz\u0161iruj\u00fa pr\u00edstup k programu pre jednotlivcov - v oblasti vzdel\u00e1vania dospel\u00fdch, vzdel\u00e1vania ml\u00e1de\u017ee a \u0161portu.\" \/>\n<meta property=\"og:url\" content=\"https:\/\/www.connectus.sk\/en\/programy\/small-scale-partnership\/\" \/>\n<meta property=\"og:site_name\" content=\"Connectus Slovensko\" \/>\n<meta property=\"article:modified_time\" content=\"2025-08-12T07:13:07+00:00\" \/>\n<meta property=\"og:image\" content=\"https:\/\/www.connectus.sk\/wp-content\/uploads\/2023\/02\/sunset-g991080efa_1920.jpg\" \/>\n\t<meta property=\"og:image:width\" content=\"1920\" \/>\n\t<meta property=\"og:image:height\" content=\"1920\" \/>\n\t<meta property=\"og:image:type\" content=\"image\/jpeg\" \/>\n<meta name=\"twitter:card\" content=\"summary_large_image\" \/>\n<meta name=\"twitter:label1\" content=\"Estimated reading time\" \/>\n\t<meta name=\"twitter:data1\" content=\"2 minutes\" \/>\n<script type=\"application\/ld+json\" class=\"yoast-schema-graph\">{\"@context\":\"https:\\\/\\\/schema.org\",\"@graph\":[{\"@type\":\"WebPage\",\"@id\":\"https:\\\/\\\/www.connectus.sk\\\/programy\\\/small-scale-partnership\\\/\",\"url\":\"https:\\\/\\\/www.connectus.sk\\\/programy\\\/small-scale-partnership\\\/\",\"name\":\"Small scale partnership - Connectus Slovensko\",\"isPartOf\":{\"@id\":\"https:\\\/\\\/www.connectus.sk\\\/#website\"},\"primaryImageOfPage\":{\"@id\":\"https:\\\/\\\/www.connectus.sk\\\/programy\\\/small-scale-partnership\\\/#primaryimage\"},\"image\":{\"@id\":\"https:\\\/\\\/www.connectus.sk\\\/programy\\\/small-scale-partnership\\\/#primaryimage\"},\"thumbnailUrl\":\"https:\\\/\\\/www.connectus.sk\\\/wp-content\\\/uploads\\\/2023\\\/02\\\/sunset-g991080efa_1920.jpg\",\"datePublished\":\"2024-03-06T11:47:54+00:00\",\"dateModified\":\"2025-08-12T07:13:07+00:00\",\"description\":\"Partnerstv\u00e1 mal\u00e9ho rozsahu roz\u0161iruj\u00fa pr\u00edstup k programu pre jednotlivcov - v oblasti vzdel\u00e1vania dospel\u00fdch, vzdel\u00e1vania ml\u00e1de\u017ee a \u0161portu.\",\"breadcrumb\":{\"@id\":\"https:\\\/\\\/www.connectus.sk\\\/programy\\\/small-scale-partnership\\\/#breadcrumb\"},\"inLanguage\":\"en-GB\",\"potentialAction\":[{\"@type\":\"ReadAction\",\"target\":[\"https:\\\/\\\/www.connectus.sk\\\/programy\\\/small-scale-partnership\\\/\"]}]},{\"@type\":\"ImageObject\",\"inLanguage\":\"en-GB\",\"@id\":\"https:\\\/\\\/www.connectus.sk\\\/programy\\\/small-scale-partnership\\\/#primaryimage\",\"url\":\"https:\\\/\\\/www.connectus.sk\\\/wp-content\\\/uploads\\\/2023\\\/02\\\/sunset-g991080efa_1920.jpg\",\"contentUrl\":\"https:\\\/\\\/www.connectus.sk\\\/wp-content\\\/uploads\\\/2023\\\/02\\\/sunset-g991080efa_1920.jpg\",\"width\":1920,\"height\":1920},{\"@type\":\"BreadcrumbList\",\"@id\":\"https:\\\/\\\/www.connectus.sk\\\/programy\\\/small-scale-partnership\\\/#breadcrumb\",\"itemListElement\":[{\"@type\":\"ListItem\",\"position\":1,\"name\":\"Home\",\"item\":\"https:\\\/\\\/www.connectus.sk\\\/\"},{\"@type\":\"ListItem\",\"position\":2,\"name\":\"Programy\",\"item\":\"https:\\\/\\\/www.connectus.sk\\\/programy\\\/\"},{\"@type\":\"ListItem\",\"position\":3,\"name\":\"Small scale partnership\"}]},{\"@type\":\"WebSite\",\"@id\":\"https:\\\/\\\/www.connectus.sk\\\/#website\",\"url\":\"https:\\\/\\\/www.connectus.sk\\\/\",\"name\":\"Connectus Slovensko\",\"description\":\"Our aim is to connect\",\"publisher\":{\"@id\":\"https:\\\/\\\/www.connectus.sk\\\/#organization\"},\"potentialAction\":[{\"@type\":\"SearchAction\",\"target\":{\"@type\":\"EntryPoint\",\"urlTemplate\":\"https:\\\/\\\/www.connectus.sk\\\/?s={search_term_string}\"},\"query-input\":{\"@type\":\"PropertyValueSpecification\",\"valueRequired\":true,\"valueName\":\"search_term_string\"}}],\"inLanguage\":\"en-GB\"},{\"@type\":\"Organization\",\"@id\":\"https:\\\/\\\/www.connectus.sk\\\/#organization\",\"name\":\"Connectus Slovensko\",\"url\":\"https:\\\/\\\/www.connectus.sk\\\/\",\"logo\":{\"@type\":\"ImageObject\",\"inLanguage\":\"en-GB\",\"@id\":\"https:\\\/\\\/www.connectus.sk\\\/#\\\/schema\\\/logo\\\/image\\\/\",\"url\":\"https:\\\/\\\/www.connectus.sk\\\/wp-content\\\/uploads\\\/2022\\\/10\\\/cropped-connect_us_without_background.png\",\"contentUrl\":\"https:\\\/\\\/www.connectus.sk\\\/wp-content\\\/uploads\\\/2022\\\/10\\\/cropped-connect_us_without_background.png\",\"width\":4961,\"height\":3508,\"caption\":\"Connectus Slovensko\"},\"image\":{\"@id\":\"https:\\\/\\\/www.connectus.sk\\\/#\\\/schema\\\/logo\\\/image\\\/\"}}]}<\/script>\n<!-- \/ Yoast SEO plugin. -->","yoast_head_json":{"title":"Small scale partnership - Connectus Slovensko","description":"Partnerstv\u00e1 mal\u00e9ho rozsahu roz\u0161iruj\u00fa pr\u00edstup k programu pre jednotlivcov - v oblasti vzdel\u00e1vania dospel\u00fdch, vzdel\u00e1vania ml\u00e1de\u017ee a \u0161portu.","robots":{"index":"index","follow":"follow","max-snippet":"max-snippet:-1","max-image-preview":"max-image-preview:large","max-video-preview":"max-video-preview:-1"},"canonical":"https:\/\/www.connectus.sk\/en\/programy\/small-scale-partnership\/","og_locale":"en_GB","og_type":"article","og_title":"Small scale partnership - Connectus Slovensko","og_description":"Partnerstv\u00e1 mal\u00e9ho rozsahu roz\u0161iruj\u00fa pr\u00edstup k programu pre jednotlivcov - v oblasti vzdel\u00e1vania dospel\u00fdch, vzdel\u00e1vania ml\u00e1de\u017ee a \u0161portu.","og_url":"https:\/\/www.connectus.sk\/en\/programy\/small-scale-partnership\/","og_site_name":"Connectus Slovensko","article_modified_time":"2025-08-12T07:13:07+00:00","og_image":[{"width":1920,"height":1920,"url":"https:\/\/www.connectus.sk\/wp-content\/uploads\/2023\/02\/sunset-g991080efa_1920.jpg","type":"image\/jpeg"}],"twitter_card":"summary_large_image","twitter_misc":{"Estimated reading time":"2 minutes"},"schema":{"@context":"https:\/\/schema.org","@graph":[{"@type":"WebPage","@id":"https:\/\/www.connectus.sk\/programy\/small-scale-partnership\/","url":"https:\/\/www.connectus.sk\/programy\/small-scale-partnership\/","name":"Small scale partnership - Connectus Slovensko","isPartOf":{"@id":"https:\/\/www.connectus.sk\/#website"},"primaryImageOfPage":{"@id":"https:\/\/www.connectus.sk\/programy\/small-scale-partnership\/#primaryimage"},"image":{"@id":"https:\/\/www.connectus.sk\/programy\/small-scale-partnership\/#primaryimage"},"thumbnailUrl":"https:\/\/www.connectus.sk\/wp-content\/uploads\/2023\/02\/sunset-g991080efa_1920.jpg","datePublished":"2024-03-06T11:47:54+00:00","dateModified":"2025-08-12T07:13:07+00:00","description":"Partnerstv\u00e1 mal\u00e9ho rozsahu roz\u0161iruj\u00fa pr\u00edstup k programu pre jednotlivcov - v oblasti vzdel\u00e1vania dospel\u00fdch, vzdel\u00e1vania ml\u00e1de\u017ee a \u0161portu.","breadcrumb":{"@id":"https:\/\/www.connectus.sk\/programy\/small-scale-partnership\/#breadcrumb"},"inLanguage":"en-GB","potentialAction":[{"@type":"ReadAction","target":["https:\/\/www.connectus.sk\/programy\/small-scale-partnership\/"]}]},{"@type":"ImageObject","inLanguage":"en-GB","@id":"https:\/\/www.connectus.sk\/programy\/small-scale-partnership\/#primaryimage","url":"https:\/\/www.connectus.sk\/wp-content\/uploads\/2023\/02\/sunset-g991080efa_1920.jpg","contentUrl":"https:\/\/www.connectus.sk\/wp-content\/uploads\/2023\/02\/sunset-g991080efa_1920.jpg","width":1920,"height":1920},{"@type":"BreadcrumbList","@id":"https:\/\/www.connectus.sk\/programy\/small-scale-partnership\/#breadcrumb","itemListElement":[{"@type":"ListItem","position":1,"name":"Home","item":"https:\/\/www.connectus.sk\/"},{"@type":"ListItem","position":2,"name":"Programy","item":"https:\/\/www.connectus.sk\/programy\/"},{"@type":"ListItem","position":3,"name":"Small scale partnership"}]},{"@type":"WebSite","@id":"https:\/\/www.connectus.sk\/#website","url":"https:\/\/www.connectus.sk\/","name":"Connectus Slovensko","description":"Our aim is to connect","publisher":{"@id":"https:\/\/www.connectus.sk\/#organization"},"potentialAction":[{"@type":"SearchAction","target":{"@type":"EntryPoint","urlTemplate":"https:\/\/www.connectus.sk\/?s={search_term_string}"},"query-input":{"@type":"PropertyValueSpecification","valueRequired":true,"valueName":"search_term_string"}}],"inLanguage":"en-GB"},{"@type":"Organization","@id":"https:\/\/www.connectus.sk\/#organization","name":"Connectus Slovensko","url":"https:\/\/www.connectus.sk\/","logo":{"@type":"ImageObject","inLanguage":"en-GB","@id":"https:\/\/www.connectus.sk\/#\/schema\/logo\/image\/","url":"https:\/\/www.connectus.sk\/wp-content\/uploads\/2022\/10\/cropped-connect_us_without_background.png","contentUrl":"https:\/\/www.connectus.sk\/wp-content\/uploads\/2022\/10\/cropped-connect_us_without_background.png","width":4961,"height":3508,"caption":"Connectus Slovensko"},"image":{"@id":"https:\/\/www.connectus.sk\/#\/schema\/logo\/image\/"}}]}},"_links":{"self":[{"href":"https:\/\/www.connectus.sk\/en\/wp-json\/wp\/v2\/pages\/550","targetHints":{"allow":["GET"]}}],"collection":[{"href":"https:\/\/www.connectus.sk\/en\/wp-json\/wp\/v2\/pages"}],"about":[{"href":"https:\/\/www.connectus.sk\/en\/wp-json\/wp\/v2\/types\/page"}],"author":[{"embeddable":true,"href":"https:\/\/www.connectus.sk\/en\/wp-json\/wp\/v2\/users\/1"}],"replies":[{"embeddable":true,"href":"https:\/\/www.connectus.sk\/en\/wp-json\/wp\/v2\/comments?post=550"}],"version-history":[{"count":6,"href":"https:\/\/www.connectus.sk\/en\/wp-json\/wp\/v2\/pages\/550\/revisions"}],"predecessor-version":[{"id":1835,"href":"https:\/\/www.connectus.sk\/en\/wp-json\/wp\/v2\/pages\/550\/revisions\/1835"}],"up":[{"embeddable":true,"href":"https:\/\/www.connectus.sk\/en\/wp-json\/wp\/v2\/pages\/97"}],"wp:featuredmedia":[{"embeddable":true,"href":"https:\/\/www.connectus.sk\/en\/wp-json\/wp\/v2\/media\/271"}],"wp:attachment":[{"href":"https:\/\/www.connectus.sk\/en\/wp-json\/wp\/v2\/media?parent=550"}],"curies":[{"name":"wp","href":"https:\/\/api.w.org\/{rel}","templated":true}]}}