{"id":556,"date":"2024-03-06T12:50:41","date_gmt":"2024-03-06T11:50:41","guid":{"rendered":"https:\/\/www.connectus.sk\/?page_id=556"},"modified":"2026-02-04T18:40:32","modified_gmt":"2026-02-04T17:40:32","slug":"dobrovolnictvo","status":"publish","type":"page","link":"https:\/\/www.connectus.sk\/en\/programy\/dobrovolnictvo\/","title":{"rendered":"Volunteering"},"content":{"rendered":"<div data-elementor-type=\"wp-page\" data-elementor-id=\"556\" class=\"elementor elementor-556\" data-elementor-post-type=\"page\">\n\t\t\t\t\t\t<section class=\"elementor-section elementor-top-section elementor-element elementor-element-b180c8c elementor-section-height-min-height elementor-section-items-stretch elementor-section-boxed elementor-section-height-default\" data-id=\"b180c8c\" data-element_type=\"section\" data-e-type=\"section\" data-settings=\"{&quot;background_background&quot;:&quot;classic&quot;,&quot;shape_divider_bottom&quot;:&quot;waves&quot;}\">\n\t\t\t\t\t<div class=\"elementor-shape elementor-shape-bottom\" aria-hidden=\"true\" data-negative=\"false\">\n\t\t\t<svg xmlns=\"http:\/\/www.w3.org\/2000\/svg\" viewbox=\"0 0 1000 100\" preserveaspectratio=\"none\">\n\t<path class=\"elementor-shape-fill\" d=\"M421.9,6.5c22.6-2.5,51.5,0.4,75.5,5.3c23.6,4.9,70.9,23.5,100.5,35.7c75.8,32.2,133.7,44.5,192.6,49.7\tc23.6,2.1,48.7,3.5,103.4-2.5c54.7-6,106.2-25.6,106.2-25.6V0H0v30.3c0,0,72,32.6,158.4,30.5c39.2-0.7,92.8-6.7,134-22.4\tc21.2-8.1,52.2-18.2,79.7-24.2C399.3,7.9,411.6,7.5,421.9,6.5z\"\/>\n<\/svg>\t\t<\/div>\n\t\t\t\t\t<div class=\"elementor-container elementor-column-gap-default\">\n\t\t\t\t\t<div class=\"elementor-column elementor-col-50 elementor-top-column elementor-element elementor-element-308a920\" data-id=\"308a920\" data-element_type=\"column\" data-e-type=\"column\">\n\t\t\t<div class=\"elementor-widget-wrap elementor-element-populated\">\n\t\t\t\t\t\t<div class=\"elementor-element elementor-element-1e3a813 elementor-widget elementor-widget-heading\" data-id=\"1e3a813\" data-element_type=\"widget\" data-e-type=\"widget\" data-widget_type=\"heading.default\">\n\t\t\t\t<div class=\"elementor-widget-container\">\n\t\t\t\t\t<h4 class=\"elementor-heading-title elementor-size-default\">Help around and get to know your limits<\/h4>\t\t\t\t<\/div>\n\t\t\t\t<\/div>\n\t\t\t\t<div class=\"elementor-element elementor-element-7f789aa elementor-widget elementor-widget-heading\" data-id=\"7f789aa\" data-element_type=\"widget\" data-e-type=\"widget\" data-widget_type=\"heading.default\">\n\t\t\t\t<div class=\"elementor-widget-container\">\n\t\t\t\t\t<h1 class=\"elementor-heading-title elementor-size-default\">Volunteering<\/h1>\t\t\t\t<\/div>\n\t\t\t\t<\/div>\n\t\t\t\t<div class=\"elementor-element elementor-element-e71b750 elementor-widget elementor-widget-image\" data-id=\"e71b750\" data-element_type=\"widget\" data-e-type=\"widget\" data-widget_type=\"image.default\">\n\t\t\t\t<div class=\"elementor-widget-container\">\n\t\t\t\t\t\t\t\t\t\t\t\t\t\t\t<img fetchpriority=\"high\" decoding=\"async\" width=\"436\" height=\"115\" src=\"https:\/\/www.connectus.sk\/wp-content\/uploads\/2024\/04\/1712760951758_index.png\" class=\"attachment-large size-large wp-image-808\" alt=\"\" srcset=\"https:\/\/www.connectus.sk\/wp-content\/uploads\/2024\/04\/1712760951758_index.png 436w, https:\/\/www.connectus.sk\/wp-content\/uploads\/2024\/04\/1712760951758_index-300x79.png 300w\" sizes=\"(max-width: 436px) 100vw, 436px\" \/>\t\t\t\t\t\t\t\t\t\t\t\t\t\t\t<\/div>\n\t\t\t\t<\/div>\n\t\t\t\t\t<\/div>\n\t\t<\/div>\n\t\t\t\t<div class=\"elementor-column elementor-col-50 elementor-top-column elementor-element elementor-element-8d43e42\" data-id=\"8d43e42\" data-element_type=\"column\" data-e-type=\"column\">\n\t\t\t<div class=\"elementor-widget-wrap elementor-element-populated\">\n\t\t\t\t\t\t<div class=\"elementor-element elementor-element-d3618b7 elementor-widget elementor-widget-image\" data-id=\"d3618b7\" data-element_type=\"widget\" data-e-type=\"widget\" data-settings=\"{&quot;motion_fx_motion_fx_scrolling&quot;:&quot;yes&quot;,&quot;motion_fx_translateY_effect&quot;:&quot;yes&quot;,&quot;motion_fx_translateY_direction&quot;:&quot;negative&quot;,&quot;motion_fx_translateY_speed&quot;:{&quot;unit&quot;:&quot;px&quot;,&quot;size&quot;:&quot;0.5&quot;,&quot;sizes&quot;:[]},&quot;motion_fx_translateY_affectedRange&quot;:{&quot;unit&quot;:&quot;%&quot;,&quot;size&quot;:&quot;&quot;,&quot;sizes&quot;:{&quot;start&quot;:0,&quot;end&quot;:100}},&quot;motion_fx_devices&quot;:[&quot;desktop&quot;,&quot;tablet&quot;,&quot;mobile&quot;]}\" data-widget_type=\"image.default\">\n\t\t\t\t<div class=\"elementor-widget-container\">\n\t\t\t\t\t\t\t\t\t\t\t\t\t\t\t<img decoding=\"async\" width=\"750\" height=\"754\" src=\"https:\/\/www.connectus.sk\/wp-content\/uploads\/2024\/04\/finsko-sept2023-7.jpg\" class=\"attachment-full size-full wp-image-710\" alt=\"\" srcset=\"https:\/\/www.connectus.sk\/wp-content\/uploads\/2024\/04\/finsko-sept2023-7.jpg 750w, https:\/\/www.connectus.sk\/wp-content\/uploads\/2024\/04\/finsko-sept2023-7-298x300.jpg 298w, https:\/\/www.connectus.sk\/wp-content\/uploads\/2024\/04\/finsko-sept2023-7-150x150.jpg 150w\" sizes=\"(max-width: 750px) 100vw, 750px\" \/>\t\t\t\t\t\t\t\t\t\t\t\t\t\t\t<\/div>\n\t\t\t\t<\/div>\n\t\t\t\t\t<\/div>\n\t\t<\/div>\n\t\t\t\t\t<\/div>\n\t\t<\/section>\n\t\t\t\t<section class=\"elementor-section elementor-top-section elementor-element elementor-element-fee83a5 elementor-section-boxed elementor-section-height-default elementor-section-height-default\" data-id=\"fee83a5\" data-element_type=\"section\" data-e-type=\"section\">\n\t\t\t\t\t\t<div class=\"elementor-container elementor-column-gap-default\">\n\t\t\t\t\t<div class=\"elementor-column elementor-col-100 elementor-top-column elementor-element elementor-element-b9eeab9\" data-id=\"b9eeab9\" data-element_type=\"column\" data-e-type=\"column\">\n\t\t\t<div class=\"elementor-widget-wrap elementor-element-populated\">\n\t\t\t\t\t\t<div class=\"elementor-element elementor-element-920d52b elementor-widget-divider--separator-type-pattern elementor-widget-divider--no-spacing elementor-widget-divider--view-line elementor-widget elementor-widget-divider\" data-id=\"920d52b\" data-element_type=\"widget\" data-e-type=\"widget\" data-settings=\"{&quot;motion_fx_motion_fx_scrolling&quot;:&quot;yes&quot;,&quot;motion_fx_translateX_effect&quot;:&quot;yes&quot;,&quot;motion_fx_translateX_direction&quot;:&quot;negative&quot;,&quot;motion_fx_translateX_speed&quot;:{&quot;unit&quot;:&quot;px&quot;,&quot;size&quot;:&quot;0.3&quot;,&quot;sizes&quot;:[]},&quot;motion_fx_translateX_affectedRange&quot;:{&quot;unit&quot;:&quot;%&quot;,&quot;size&quot;:&quot;&quot;,&quot;sizes&quot;:{&quot;start&quot;:0,&quot;end&quot;:100}},&quot;motion_fx_devices&quot;:[&quot;desktop&quot;,&quot;tablet&quot;,&quot;mobile&quot;]}\" data-widget_type=\"divider.default\">\n\t\t\t\t<div class=\"elementor-widget-container\">\n\t\t\t\t\t\t\t<div class=\"elementor-divider\" style=\"--divider-pattern-url: url(&quot;data:image\/svg+xml,%3Csvg xmlns=&#039;http:\/\/www.w3.org\/2000\/svg&#039; preserveAspectRatio=&#039;xMidYMid meet&#039; overflow=&#039;visible&#039; height=&#039;100%&#039; viewBox=&#039;0 0 126 26&#039; fill=&#039;black&#039; stroke=&#039;none&#039;%3E%3Cpath d=&#039;M3,10.2c2.6,0,2.6,2,2.6,3.2S4.4,16.5,3,16.5s-3-1.4-3-3.2S0.4,10.2,3,10.2z M18.8,10.2c1.7,0,3.2,1.4,3.2,3.2s-1.4,3.2-3.2,3.2c-1.7,0-3.2-1.4-3.2-3.2S17,10.2,18.8,10.2z M34.6,10.2c1.5,0,2.6,1.4,2.6,3.2s-0.5,3.2-1.9,3.2c-1.5,0-3.4-1.4-3.4-3.2S33.1,10.2,34.6,10.2z M50.5,10.2c1.7,0,3.2,1.4,3.2,3.2s-1.4,3.2-3.2,3.2c-1.7,0-3.3-0.9-3.3-2.6S48.7,10.2,50.5,10.2z M66.2,10.2c1.5,0,3.4,1.4,3.4,3.2s-1.9,3.2-3.4,3.2c-1.5,0-2.6-0.4-2.6-2.1S64.8,10.2,66.2,10.2z M82.2,10.2c1.7,0.8,2.6,1.4,2.6,3.2s-0.1,3.2-1.6,3.2c-1.5,0-3.7-1.4-3.7-3.2S80.5,9.4,82.2,10.2zM98.6,10.2c1.5,0,2.6,0.4,2.6,2.1s-1.2,4.2-2.6,4.2c-1.5,0-3.7-0.4-3.7-2.1S97.1,10.2,98.6,10.2z M113.4,10.2c1.2,0,2.2,0.9,2.2,3.2s-0.1,3.2-1.3,3.2s-3.1-1.4-3.1-3.2S112.2,10.2,113.4,10.2z&#039;\/%3E%3C\/svg%3E&quot;);\">\n\t\t\t<span class=\"elementor-divider-separator\">\n\t\t\t\t\t\t<\/span>\n\t\t<\/div>\n\t\t\t\t\t\t<\/div>\n\t\t\t\t<\/div>\n\t\t\t\t<div class=\"elementor-element elementor-element-ccb4429 elementor-widget elementor-widget-text-editor\" data-id=\"ccb4429\" data-element_type=\"widget\" data-e-type=\"widget\" data-widget_type=\"text-editor.default\">\n\t\t\t\t<div class=\"elementor-widget-container\">\n\t\t\t\t\t\t\t\t\t<p>Most of the opportunities through the European Solidarity Corps are <strong>cross-border volunteering activities<\/strong>.<\/p><p>These projects are an excellent opportunity to help where needed, learn new skills, spend time abroad, perhaps learn a language \u2013 and definitely return with unforgettable experiences and memories.<\/p><p>Thanks to the wide range of issues that the projects cover (such as environment, health, inclusion, digital technologies, culture, sports), you are sure to find something that matches your interests and background.<\/p><p>You have a choice between <strong>individual or team volunteering.<\/strong>.<\/p>\t\t\t\t\t\t\t\t<\/div>\n\t\t\t\t<\/div>\n\t\t\t\t<div class=\"elementor-element elementor-element-adeab7e elementor-widget elementor-widget-text-editor\" data-id=\"adeab7e\" data-element_type=\"widget\" data-e-type=\"widget\" data-widget_type=\"text-editor.default\">\n\t\t\t\t<div class=\"elementor-widget-container\">\n\t\t\t\t\t\t\t\t\t<h4><strong>Individual volunteering<\/strong><\/h4><ul><li>can take from <strong>2 months until 12 months<\/strong><\/li><li>it takes <strong>full-time<\/strong> (between 30 and 38 hours per week)\u00a0<\/li><li>allows you to contribute your activities to the daily work of the organization, which <strong>actively supports and develops the local community\u00a0<\/strong><\/li><li>it is usually 'cross-border' - for example: <strong>in different country<\/strong> than the one you live in (although it can also take place in your home country \u2013 these projects are called \u2018<em>in-country<\/em>\u2019 projekty)\u00a0<\/li><li>in some cases you can participate in <strong>smaller time interval<\/strong> (from 2 weeks to 2 months) \u2013 for example for participants with fewer opportunities or for participants with disabilities<\/li><\/ul><h4><strong style=\"color: inherit; font-family: inherit; font-size: 1.5rem; background-color: var( --e-global-color-ebbd70c );\">Team volunteering<\/strong><\/h4><p>If you can't participate in the program for a long period of time, but still want to help the community, take a look at our team volunteering offer, which:<\/p><ul><li>can take from <strong>2 weeks to 2 months<\/strong><\/li><li>it a job - <strong>full-time<\/strong> (between 30 and 38 hours per week)<\/li><li>you are volunteering with peaple <strong>at least from 2 different countries<\/strong><\/li><li>the group is created by <strong>10 to 40 volunteers<\/strong> and includes people from disadvantaged groups<\/li><li>usually takes place abroad, although it can also take place in the home country<\/li><\/ul><h4><strong style=\"color: inherit; font-family: inherit; font-size: 1.5rem; background-color: var( --e-global-color-ebbd70c );\">\u00a0<\/strong><strong style=\"color: inherit; font-family: inherit; font-size: 1.5rem; background-color: var( --e-global-color-ebbd70c );\">Sending and hosting organizations<\/strong><\/h4><p class=\"translation-block\">If you go abroad for individual volunteering, there will be 2 organizations available:<\/p><ul><li class=\"translation-block\"><strong>sending\/supporting organization<\/strong> \u2013 from your home country, will prepare you for your experience abroad.<\/li><li class=\"translation-block\"><strong>hosting organization<\/strong> \u2013 will receive you as a volunteer and will assist you throughout your stay in the destination country.<\/li><\/ul><p><em>If you are volunteering as a team, you do not need a support organization.<\/em><\/p><h4><strong>Who can be volunteering?<\/strong><\/h4><p class=\"translation-block\">European Solidarity Corps volunteering activities are open to people aged 18-30 who are residents of \u00a0<a href=\"https:\/\/youth.europa.eu\/solidarity\/countries-covered_en\" target=\"_self\">Programme and Partner Countries<\/a>.<\/p><h4><strong style=\"color: inherit; font-family: inherit; font-size: 1.5rem; background-color: var( --e-global-color-ebbd70c );\">What is financially covered?<\/strong><\/h4><ul><li class=\"translation-block\">You are covered by <b>supplementary insurance<\/b>.<\/li><li class=\"translation-block\">You have a range of  <a href=\"https:\/\/youth.europa.eu\/solidarity\/young-people\/training-support_en\" target=\"_self\">support services<\/a> available, such as <b>language education and training<\/b><\/li><li class=\"translation-block\">Your <b>basic expenses<\/b> will be covered (travel costs for both trips, accommodation and food)<\/li><li class=\"translation-block\">You will also receive a <b>small allowance<\/b> for personal expenses (3-6 EUR per day, depending on the country)<\/li><li class=\"translation-block\">If you have <b>specific needs<\/b> (e.g. disability), these costs may also be covered.<\/li><\/ul>\t\t\t\t\t\t\t\t<\/div>\n\t\t\t\t<\/div>\n\t\t\t\t\t<\/div>\n\t\t<\/div>\n\t\t\t\t\t<\/div>\n\t\t<\/section>\n\t\t\t\t<\/div>","protected":false},"excerpt":{"rendered":"<p>Pom\u00e1haj a spoznaj svoje hranice Dobrovo\u013en\u00edctvo V\u00e4\u010d\u0161inu pr\u00edle\u017eitost\u00ed prostredn\u00edctvom Eur\u00f3pskeho zboru solidarity tvoria cezhrani\u010dn\u00e9 dobrovo\u013en\u00edcke aktivity. Tieto projekty s\u00fa vynikaj\u00facou pr\u00edle\u017eitos\u0165ou pom\u00f4c\u0165 tam, kde je to potrebn\u00e9, nau\u010di\u0165 sa nov\u00e9 zru\u010dnosti, str\u00e1vi\u0165 \u010das v zahrani\u010d\u00ed, mo\u017eno sa nau\u010di\u0165 jazyk \u2013 a ur\u010dite sa vr\u00e1ti\u0165 s nezabudnute\u013en\u00fdmi z\u00e1\u017eitkami a spomienkami. V\u010faka \u0161irok\u00e9mu spektru probl\u00e9mov, ktor\u00e9 projekty [&hellip;]<\/p>","protected":false},"author":1,"featured_media":1279,"parent":97,"menu_order":4,"comment_status":"closed","ping_status":"closed","template":"elementor_header_footer","meta":{"footnotes":""},"class_list":["post-556","page","type-page","status-publish","has-post-thumbnail","hentry"],"yoast_head":"<!-- This site is optimized with the Yoast SEO plugin v27.5 - https:\/\/yoast.com\/product\/yoast-seo-wordpress\/ -->\n<title>Dobrovo\u013en\u00edctvo - Connectus Slovensko<\/title>\n<meta name=\"description\" content=\"Projekty, kde mo\u017eete str\u00e1vi\u0165 \u010das v zahrani\u010d\u00ed, nau\u010di\u0165 jazyk, pom\u00e1ha\u0165 \u2013 a ur\u010dite sa vr\u00e1ti\u0165 s nezabudnute\u013en\u00fdmi z\u00e1\u017eitkami a spomienkami.\" \/>\n<meta name=\"robots\" content=\"index, follow, max-snippet:-1, max-image-preview:large, max-video-preview:-1\" \/>\n<link rel=\"canonical\" href=\"https:\/\/www.connectus.sk\/en\/programy\/dobrovolnictvo\/\" \/>\n<meta property=\"og:locale\" content=\"en_GB\" \/>\n<meta property=\"og:type\" content=\"article\" \/>\n<meta property=\"og:title\" content=\"Dobrovo\u013en\u00edctvo - Connectus Slovensko\" \/>\n<meta property=\"og:description\" content=\"Projekty, kde mo\u017eete str\u00e1vi\u0165 \u010das v zahrani\u010d\u00ed, nau\u010di\u0165 jazyk, pom\u00e1ha\u0165 \u2013 a ur\u010dite sa vr\u00e1ti\u0165 s nezabudnute\u013en\u00fdmi z\u00e1\u017eitkami a spomienkami.\" \/>\n<meta property=\"og:url\" content=\"https:\/\/www.connectus.sk\/en\/programy\/dobrovolnictvo\/\" \/>\n<meta property=\"og:site_name\" content=\"Connectus Slovensko\" \/>\n<meta property=\"article:modified_time\" content=\"2026-02-04T17:40:32+00:00\" \/>\n<meta property=\"og:image\" content=\"https:\/\/www.connectus.sk\/wp-content\/uploads\/2024\/09\/connectus-8.jpeg\" \/>\n\t<meta property=\"og:image:width\" content=\"1170\" \/>\n\t<meta property=\"og:image:height\" content=\"1442\" \/>\n\t<meta property=\"og:image:type\" content=\"image\/jpeg\" \/>\n<meta name=\"twitter:card\" content=\"summary_large_image\" \/>\n<meta name=\"twitter:label1\" content=\"Estimated reading time\" \/>\n\t<meta name=\"twitter:data1\" content=\"3 minutes\" \/>\n<script type=\"application\/ld+json\" class=\"yoast-schema-graph\">{\"@context\":\"https:\\\/\\\/schema.org\",\"@graph\":[{\"@type\":\"WebPage\",\"@id\":\"https:\\\/\\\/www.connectus.sk\\\/programy\\\/dobrovolnictvo\\\/\",\"url\":\"https:\\\/\\\/www.connectus.sk\\\/programy\\\/dobrovolnictvo\\\/\",\"name\":\"Dobrovo\u013en\u00edctvo - Connectus Slovensko\",\"isPartOf\":{\"@id\":\"https:\\\/\\\/www.connectus.sk\\\/#website\"},\"primaryImageOfPage\":{\"@id\":\"https:\\\/\\\/www.connectus.sk\\\/programy\\\/dobrovolnictvo\\\/#primaryimage\"},\"image\":{\"@id\":\"https:\\\/\\\/www.connectus.sk\\\/programy\\\/dobrovolnictvo\\\/#primaryimage\"},\"thumbnailUrl\":\"https:\\\/\\\/www.connectus.sk\\\/wp-content\\\/uploads\\\/2024\\\/09\\\/connectus-8.jpeg\",\"datePublished\":\"2024-03-06T11:50:41+00:00\",\"dateModified\":\"2026-02-04T17:40:32+00:00\",\"description\":\"Projekty, kde mo\u017eete str\u00e1vi\u0165 \u010das v zahrani\u010d\u00ed, nau\u010di\u0165 jazyk, pom\u00e1ha\u0165 \u2013 a ur\u010dite sa vr\u00e1ti\u0165 s nezabudnute\u013en\u00fdmi z\u00e1\u017eitkami a spomienkami.\",\"breadcrumb\":{\"@id\":\"https:\\\/\\\/www.connectus.sk\\\/programy\\\/dobrovolnictvo\\\/#breadcrumb\"},\"inLanguage\":\"en-GB\",\"potentialAction\":[{\"@type\":\"ReadAction\",\"target\":[\"https:\\\/\\\/www.connectus.sk\\\/programy\\\/dobrovolnictvo\\\/\"]}]},{\"@type\":\"ImageObject\",\"inLanguage\":\"en-GB\",\"@id\":\"https:\\\/\\\/www.connectus.sk\\\/programy\\\/dobrovolnictvo\\\/#primaryimage\",\"url\":\"https:\\\/\\\/www.connectus.sk\\\/wp-content\\\/uploads\\\/2024\\\/09\\\/connectus-8.jpeg\",\"contentUrl\":\"https:\\\/\\\/www.connectus.sk\\\/wp-content\\\/uploads\\\/2024\\\/09\\\/connectus-8.jpeg\",\"width\":1170,\"height\":1442},{\"@type\":\"BreadcrumbList\",\"@id\":\"https:\\\/\\\/www.connectus.sk\\\/programy\\\/dobrovolnictvo\\\/#breadcrumb\",\"itemListElement\":[{\"@type\":\"ListItem\",\"position\":1,\"name\":\"Home\",\"item\":\"https:\\\/\\\/www.connectus.sk\\\/\"},{\"@type\":\"ListItem\",\"position\":2,\"name\":\"Programy\",\"item\":\"https:\\\/\\\/www.connectus.sk\\\/programy\\\/\"},{\"@type\":\"ListItem\",\"position\":3,\"name\":\"Dobrovo\u013en\u00edctvo\"}]},{\"@type\":\"WebSite\",\"@id\":\"https:\\\/\\\/www.connectus.sk\\\/#website\",\"url\":\"https:\\\/\\\/www.connectus.sk\\\/\",\"name\":\"Connectus Slovensko\",\"description\":\"Our aim is to connect\",\"publisher\":{\"@id\":\"https:\\\/\\\/www.connectus.sk\\\/#organization\"},\"potentialAction\":[{\"@type\":\"SearchAction\",\"target\":{\"@type\":\"EntryPoint\",\"urlTemplate\":\"https:\\\/\\\/www.connectus.sk\\\/?s={search_term_string}\"},\"query-input\":{\"@type\":\"PropertyValueSpecification\",\"valueRequired\":true,\"valueName\":\"search_term_string\"}}],\"inLanguage\":\"en-GB\"},{\"@type\":\"Organization\",\"@id\":\"https:\\\/\\\/www.connectus.sk\\\/#organization\",\"name\":\"Connectus Slovensko\",\"url\":\"https:\\\/\\\/www.connectus.sk\\\/\",\"logo\":{\"@type\":\"ImageObject\",\"inLanguage\":\"en-GB\",\"@id\":\"https:\\\/\\\/www.connectus.sk\\\/#\\\/schema\\\/logo\\\/image\\\/\",\"url\":\"https:\\\/\\\/www.connectus.sk\\\/wp-content\\\/uploads\\\/2022\\\/10\\\/cropped-connect_us_without_background.png\",\"contentUrl\":\"https:\\\/\\\/www.connectus.sk\\\/wp-content\\\/uploads\\\/2022\\\/10\\\/cropped-connect_us_without_background.png\",\"width\":4961,\"height\":3508,\"caption\":\"Connectus Slovensko\"},\"image\":{\"@id\":\"https:\\\/\\\/www.connectus.sk\\\/#\\\/schema\\\/logo\\\/image\\\/\"}}]}<\/script>\n<!-- \/ Yoast SEO plugin. -->","yoast_head_json":{"title":"Dobrovo\u013en\u00edctvo - Connectus Slovensko","description":"Projekty, kde mo\u017eete str\u00e1vi\u0165 \u010das v zahrani\u010d\u00ed, nau\u010di\u0165 jazyk, pom\u00e1ha\u0165 \u2013 a ur\u010dite sa vr\u00e1ti\u0165 s nezabudnute\u013en\u00fdmi z\u00e1\u017eitkami a spomienkami.","robots":{"index":"index","follow":"follow","max-snippet":"max-snippet:-1","max-image-preview":"max-image-preview:large","max-video-preview":"max-video-preview:-1"},"canonical":"https:\/\/www.connectus.sk\/en\/programy\/dobrovolnictvo\/","og_locale":"en_GB","og_type":"article","og_title":"Dobrovo\u013en\u00edctvo - Connectus Slovensko","og_description":"Projekty, kde mo\u017eete str\u00e1vi\u0165 \u010das v zahrani\u010d\u00ed, nau\u010di\u0165 jazyk, pom\u00e1ha\u0165 \u2013 a ur\u010dite sa vr\u00e1ti\u0165 s nezabudnute\u013en\u00fdmi z\u00e1\u017eitkami a spomienkami.","og_url":"https:\/\/www.connectus.sk\/en\/programy\/dobrovolnictvo\/","og_site_name":"Connectus Slovensko","article_modified_time":"2026-02-04T17:40:32+00:00","og_image":[{"width":1170,"height":1442,"url":"https:\/\/www.connectus.sk\/wp-content\/uploads\/2024\/09\/connectus-8.jpeg","type":"image\/jpeg"}],"twitter_card":"summary_large_image","twitter_misc":{"Estimated reading time":"3 minutes"},"schema":{"@context":"https:\/\/schema.org","@graph":[{"@type":"WebPage","@id":"https:\/\/www.connectus.sk\/programy\/dobrovolnictvo\/","url":"https:\/\/www.connectus.sk\/programy\/dobrovolnictvo\/","name":"Dobrovo\u013en\u00edctvo - Connectus Slovensko","isPartOf":{"@id":"https:\/\/www.connectus.sk\/#website"},"primaryImageOfPage":{"@id":"https:\/\/www.connectus.sk\/programy\/dobrovolnictvo\/#primaryimage"},"image":{"@id":"https:\/\/www.connectus.sk\/programy\/dobrovolnictvo\/#primaryimage"},"thumbnailUrl":"https:\/\/www.connectus.sk\/wp-content\/uploads\/2024\/09\/connectus-8.jpeg","datePublished":"2024-03-06T11:50:41+00:00","dateModified":"2026-02-04T17:40:32+00:00","description":"Projekty, kde mo\u017eete str\u00e1vi\u0165 \u010das v zahrani\u010d\u00ed, nau\u010di\u0165 jazyk, pom\u00e1ha\u0165 \u2013 a ur\u010dite sa vr\u00e1ti\u0165 s nezabudnute\u013en\u00fdmi z\u00e1\u017eitkami a spomienkami.","breadcrumb":{"@id":"https:\/\/www.connectus.sk\/programy\/dobrovolnictvo\/#breadcrumb"},"inLanguage":"en-GB","potentialAction":[{"@type":"ReadAction","target":["https:\/\/www.connectus.sk\/programy\/dobrovolnictvo\/"]}]},{"@type":"ImageObject","inLanguage":"en-GB","@id":"https:\/\/www.connectus.sk\/programy\/dobrovolnictvo\/#primaryimage","url":"https:\/\/www.connectus.sk\/wp-content\/uploads\/2024\/09\/connectus-8.jpeg","contentUrl":"https:\/\/www.connectus.sk\/wp-content\/uploads\/2024\/09\/connectus-8.jpeg","width":1170,"height":1442},{"@type":"BreadcrumbList","@id":"https:\/\/www.connectus.sk\/programy\/dobrovolnictvo\/#breadcrumb","itemListElement":[{"@type":"ListItem","position":1,"name":"Home","item":"https:\/\/www.connectus.sk\/"},{"@type":"ListItem","position":2,"name":"Programy","item":"https:\/\/www.connectus.sk\/programy\/"},{"@type":"ListItem","position":3,"name":"Dobrovo\u013en\u00edctvo"}]},{"@type":"WebSite","@id":"https:\/\/www.connectus.sk\/#website","url":"https:\/\/www.connectus.sk\/","name":"Connectus Slovensko","description":"Our aim is to connect","publisher":{"@id":"https:\/\/www.connectus.sk\/#organization"},"potentialAction":[{"@type":"SearchAction","target":{"@type":"EntryPoint","urlTemplate":"https:\/\/www.connectus.sk\/?s={search_term_string}"},"query-input":{"@type":"PropertyValueSpecification","valueRequired":true,"valueName":"search_term_string"}}],"inLanguage":"en-GB"},{"@type":"Organization","@id":"https:\/\/www.connectus.sk\/#organization","name":"Connectus Slovensko","url":"https:\/\/www.connectus.sk\/","logo":{"@type":"ImageObject","inLanguage":"en-GB","@id":"https:\/\/www.connectus.sk\/#\/schema\/logo\/image\/","url":"https:\/\/www.connectus.sk\/wp-content\/uploads\/2022\/10\/cropped-connect_us_without_background.png","contentUrl":"https:\/\/www.connectus.sk\/wp-content\/uploads\/2022\/10\/cropped-connect_us_without_background.png","width":4961,"height":3508,"caption":"Connectus Slovensko"},"image":{"@id":"https:\/\/www.connectus.sk\/#\/schema\/logo\/image\/"}}]}},"_links":{"self":[{"href":"https:\/\/www.connectus.sk\/en\/wp-json\/wp\/v2\/pages\/556","targetHints":{"allow":["GET"]}}],"collection":[{"href":"https:\/\/www.connectus.sk\/en\/wp-json\/wp\/v2\/pages"}],"about":[{"href":"https:\/\/www.connectus.sk\/en\/wp-json\/wp\/v2\/types\/page"}],"author":[{"embeddable":true,"href":"https:\/\/www.connectus.sk\/en\/wp-json\/wp\/v2\/users\/1"}],"replies":[{"embeddable":true,"href":"https:\/\/www.connectus.sk\/en\/wp-json\/wp\/v2\/comments?post=556"}],"version-history":[{"count":6,"href":"https:\/\/www.connectus.sk\/en\/wp-json\/wp\/v2\/pages\/556\/revisions"}],"predecessor-version":[{"id":2231,"href":"https:\/\/www.connectus.sk\/en\/wp-json\/wp\/v2\/pages\/556\/revisions\/2231"}],"up":[{"embeddable":true,"href":"https:\/\/www.connectus.sk\/en\/wp-json\/wp\/v2\/pages\/97"}],"wp:featuredmedia":[{"embeddable":true,"href":"https:\/\/www.connectus.sk\/en\/wp-json\/wp\/v2\/media\/1279"}],"wp:attachment":[{"href":"https:\/\/www.connectus.sk\/en\/wp-json\/wp\/v2\/media?parent=556"}],"curies":[{"name":"wp","href":"https:\/\/api.w.org\/{rel}","templated":true}]}}